{"id":14,"date":"2014-06-15T10:27:54","date_gmt":"2014-06-15T10:27:54","guid":{"rendered":"http:\/\/www.analisisbioenergetico.org\/?page_id=14"},"modified":"2014-06-17T15:09:01","modified_gmt":"2014-06-17T15:09:01","slug":"ehabe","status":"publish","type":"page","link":"https:\/\/analisisbioenergetico.org\/EU\/ehabe\/","title":{"rendered":"Ehabe"},"content":{"rendered":"<div class=\"l-subsection\"><div class=\"l-subsection-h g-html i-cf\"><h1>BIENVENIDO a EHABE la Asociaci\u00f3n de An\u00e1lisis Bioenerg\u00e9tico del Pa\u00eds Vasco y alrededores.<\/h1>\n<p>EHABE fue fundada en 1996 por miembros del International Institute of Bioenergetic Analysis (IIBA) formados en otras Asociaciones.<br \/>\nEHABE tiene como finalidad la divulgaci\u00f3n, la formaci\u00f3n, y la pr\u00e1ctica del An\u00e1lisis Bioenerg\u00e9tico como modelo de psicoterapia.<br \/>\nEHABE es filial del IIBA, lo que garantiza el cumplimiento de las normas internacionales establecidas para la formaci\u00f3n, tanto en el contenido del programa como en la cualificaci\u00f3n de los formadores. (LOGO)<br \/>\nEHABE tambi\u00e9n forma parte de la EFBA-P European Federation for Bioenergetic Analysis-Psichotherapy  (LOGO)<\/p>\n<\/div><\/div>","protected":false},"excerpt":{"rendered":"<p>BIENVENIDO a EHABE la Asociaci\u00f3n de An\u00e1lisis Bioenerg\u00e9tico del Pa\u00eds Vasco y alrededores. EHABE fue fundada en 1996 por miembros del International&hellip;<\/p>\n","protected":false},"author":3,"featured_media":0,"parent":0,"menu_order":2,"comment_status":"open","ping_status":"open","template":"","meta":{"footnotes":""},"class_list":["post-14","page","type-page","status-publish","hentry"],"_links":{"self":[{"href":"https:\/\/analisisbioenergetico.org\/EU\/wp-json\/wp\/v2\/pages\/14","targetHints":{"allow":["GET"]}}],"collection":[{"href":"https:\/\/analisisbioenergetico.org\/EU\/wp-json\/wp\/v2\/pages"}],"about":[{"href":"https:\/\/analisisbioenergetico.org\/EU\/wp-json\/wp\/v2\/types\/page"}],"author":[{"embeddable":true,"href":"https:\/\/analisisbioenergetico.org\/EU\/wp-json\/wp\/v2\/users\/3"}],"replies":[{"embeddable":true,"href":"https:\/\/analisisbioenergetico.org\/EU\/wp-json\/wp\/v2\/comments?post=14"}],"version-history":[{"count":1,"href":"https:\/\/analisisbioenergetico.org\/EU\/wp-json\/wp\/v2\/pages\/14\/revisions"}],"predecessor-version":[{"id":15,"href":"https:\/\/analisisbioenergetico.org\/EU\/wp-json\/wp\/v2\/pages\/14\/revisions\/15"}],"wp:attachment":[{"href":"https:\/\/analisisbioenergetico.org\/EU\/wp-json\/wp\/v2\/media?parent=14"}],"curies":[{"name":"wp","href":"https:\/\/api.w.org\/{rel}","templated":true}]}}