{"id":1934,"date":"2014-06-17T15:08:11","date_gmt":"2014-06-17T15:08:11","guid":{"rendered":"http:\/\/www.analisisbioenergetico.org\/?page_id=1934"},"modified":"2022-10-20T14:05:13","modified_gmt":"2022-10-20T14:05:13","slug":"otros-enlaces","status":"publish","type":"page","link":"https:\/\/analisisbioenergetico.org\/EU\/beste-esteka-batzuk\/","title":{"rendered":"Beste esteka batzuk"},"content":{"rendered":"<div class=\"l-subsection color_dark with_parallax\" style=\"background-image: url(..\/..\/wp-content\/uploads\/2014\/06\/clouds1.jpg)\"><div class=\"l-subsection-h g-html i-cf\">\n<h3 id=\"analisis\" style=\"text-align: center;\">Analisi Bioenergetikoa mundu guztian zabalduta dago<\/h3>\n<\/div><\/div><div class=\"l-subsection\"><div class=\"l-subsection-h g-html i-cf\">\n<div class=\"otros-enlaces\">\n<span class=\"highlight\">\n<h2><strong>Beste esteka batzuk<\/strong><\/h2>\n<\/span>\n<div class=\"g-hr type_short\">\n\t\t\t\t\t\t<span class=\"g-hr-h\">\n\t\t\t\t\t\t\t<i class=\"fa fa-star\"><\/i>\n\t\t\t\t\t\t<\/span>\n\t\t\t\t\t<\/div>\n<div class=\"g-cols offset_default\">\n<div class=\"one-half\">\n<div class=\"text\">\n<ul>\n<li>The Alexander Lowen Foundation:<br \/>\n<a href=\"http:\/\/www.lowenfoundation.org\/\" target=\"_blank\" rel=\"noopener noreferrer\">http:\/\/www.lowenfoundation.org\/<\/a><\/li>\n<li><strong>EFBA-P<\/strong> European Federation for Bioenergetic Analysis-Psichotherapy:<br \/>\n<a href=\"http:\/\/www.bioenergeticanalysis.net\/\" target=\"_blank\" rel=\"noopener noreferrer\">http:\/\/www.bioenergeticanalysis.net\/<\/a><\/li>\n<li><strong>EAP<\/strong> European Association for Psychotherapy:<br \/>\n<a href=\"http:\/\/www.europsyche.org\" target=\"_blank\" rel=\"noopener noreferrer\">http:\/\/www.europsyche.org\/<\/a><\/li>\n<li><strong>EABP<\/strong> European Association for Body Psychotherapy:<br \/>\n<a href=\"http:\/\/www.eabp.org\" target=\"_blank\" rel=\"noopener noreferrer\">www.eabp.org<\/a><\/li>\n<li><strong>FLAAB<\/strong> Federa\u00e7\u00e3o Latino-Americana de An\u00e1lise Bioenerg\u00e9tica:<br \/>\n<a href=\"http:\/\/www.analisebioenergetica.com\" target=\"_blank\" rel=\"noopener noreferrer\">www.analisebioenergetica.com<\/a><\/li>\n<li><strong>NANZIBA<\/strong> North American and New Zealand Institutes for Bioenergetic Analysis:<br \/>\n<a href=\"http:\/\/www.nanziba.com\" target=\"_blank\" rel=\"noopener noreferrer\">www.nanziba.com<\/a><\/li>\n<li><strong>ASOMAB<\/strong>, Asociaci\u00f3n Madrile\u00f1a de An\u00e1lisis Bioenerg\u00e9tico:<br \/>\n<a href=\"https:\/\/www.asomab.es\/\" target=\"_blank\" rel=\"noopener noreferrer\">https:\/\/www.asomab.es\/<\/a><\/li>\n<li><strong>ACAB<\/strong>, Associaci\u00f3 Catalana d\u00b4An\u00e1lisi Bioenerg\u00e9tica:<br \/>\n<a href=\"http:\/\/www.acabbio.com\/\" target=\"_blank\" rel=\"noopener noreferrer\">http:\/\/www.acabbio.com\/<\/a><\/li>\n<li><strong>AMAB<\/strong>, Associaci\u00f3 Mediterranea d\u00b4An\u00e1lisi Bioenergetic:<br \/>\n<a href=\"http:\/\/amab.es\/\" target=\"_blank\" rel=\"noopener noreferrer\">http:\/\/amab.es\/<\/a><\/li>\n<li><strong>AABM<\/strong>, Asociaci\u00f3n de An\u00e1lisis Bioenerg\u00e9tico de Madrid:<br \/>\n<a href=\"https:\/\/analisisbioenergetico.com\/\" target=\"_blank\" rel=\"noopener noreferrer\">https:\/\/analisisbioenergetico.com\/<\/a><\/li>\n<li><strong>APAB<\/strong>, Associa\u00e7\u00e3o Portuguesa de An\u00e1lise Bioenerg\u00e9tica:<br \/>\n<a href=\"http:\/\/www.apabioenergetica.org\/\" target=\"_blank\" rel=\"noopener noreferrer\">http:\/\/www.apabioenergetica.org\/<\/a><\/li>\n<\/ul>\n<\/div>\n<\/div>\n<div class=\"one-half\">\n<div><img fetchpriority=\"high\" decoding=\"async\" class=\"aligncenter size-full wp-image-2265\" src=\"..\/..\/wp-content\/uploads\/2014\/06\/otros-enl.jpg\" alt=\"otros-enl\" width=\"545\" height=\"420\" srcset=\"https:\/\/analisisbioenergetico.org\/wp-content\/uploads\/2014\/06\/otros-enl.jpg 545w, https:\/\/analisisbioenergetico.org\/wp-content\/uploads\/2014\/06\/otros-enl-300x231.jpg 300w, https:\/\/analisisbioenergetico.org\/wp-content\/uploads\/2014\/06\/otros-enl-181x140.jpg 181w\" sizes=\"(max-width: 545px) 100vw, 545px\" \/><\/div>\n<\/div>\n<\/div>\n<\/div>\n<\/div><\/div>","protected":false},"excerpt":{"rendered":"","protected":false},"author":3,"featured_media":0,"parent":0,"menu_order":0,"comment_status":"open","ping_status":"open","template":"","meta":{"footnotes":""},"class_list":["post-1934","page","type-page","status-publish","hentry"],"_links":{"self":[{"href":"https:\/\/analisisbioenergetico.org\/EU\/wp-json\/wp\/v2\/pages\/1934","targetHints":{"allow":["GET"]}}],"collection":[{"href":"https:\/\/analisisbioenergetico.org\/EU\/wp-json\/wp\/v2\/pages"}],"about":[{"href":"https:\/\/analisisbioenergetico.org\/EU\/wp-json\/wp\/v2\/types\/page"}],"author":[{"embeddable":true,"href":"https:\/\/analisisbioenergetico.org\/EU\/wp-json\/wp\/v2\/users\/3"}],"replies":[{"embeddable":true,"href":"https:\/\/analisisbioenergetico.org\/EU\/wp-json\/wp\/v2\/comments?post=1934"}],"version-history":[{"count":53,"href":"https:\/\/analisisbioenergetico.org\/EU\/wp-json\/wp\/v2\/pages\/1934\/revisions"}],"predecessor-version":[{"id":2778,"href":"https:\/\/analisisbioenergetico.org\/EU\/wp-json\/wp\/v2\/pages\/1934\/revisions\/2778"}],"wp:attachment":[{"href":"https:\/\/analisisbioenergetico.org\/EU\/wp-json\/wp\/v2\/media?parent=1934"}],"curies":[{"name":"wp","href":"https:\/\/api.w.org\/{rel}","templated":true}]}}