{"id":1954,"date":"2014-06-17T15:32:44","date_gmt":"2014-06-17T15:32:44","guid":{"rendered":"http:\/\/www.analisisbioenergetico.org\/?page_id=1954"},"modified":"2014-10-06T06:53:25","modified_gmt":"2014-10-06T06:53:25","slug":"bibliografia","status":"publish","type":"page","link":"https:\/\/analisisbioenergetico.org\/EU\/bibliografia\/","title":{"rendered":"Bibliografia"},"content":{"rendered":"<div class=\"l-subsection color_dark with_parallax\" style=\"background-image: url(..\/..\/wp-content\/uploads\/2014\/07\/blue-sunny-sky.jpg)\"><div class=\"l-subsection-h g-html i-cf\">\n<h3 id=\"analisis\">Psikoterapia korporalaren aldaera espezifikoa dugu Analisi Bioenergetikoa<\/h3>\n<\/div><\/div><div class=\"l-subsection\"><div class=\"l-subsection-h g-html i-cf\">\n<div class=\"bibliografia\"><span class=\"highlight\">\n<h2>BIBLIOGRAFIA<\/h2>\n<\/span>\n<div class=\"libros\"><span class=\"highlight\">\n<h3> LOWENEN LIBURUAK<\/h3>\n<\/span>\n<div class=\"g-hr type_short\">\n\t\t\t\t\t\t<span class=\"g-hr-h\">\n\t\t\t\t\t\t\t<i class=\"fa fa-fa fa-pencil\"><\/i>\n\t\t\t\t\t\t<\/span>\n\t\t\t\t\t<\/div>\n<ul>\n<li>LOWEN, Alexander, \u201cEjercicios de bioenerg\u00e9tica\u201d, Editorial Sirio, S.A., 2011.<\/li>\n<li>LOWEN, Alexander, &#8220;La depresi\u00f3n y el cuerpo: la base biol\u00f3gica de la fe y la realidad\u201d, Alianza Editorial, S.A, 2010.<\/li>\n<li>LOWEN, Alexander, \u201cLa experiencia del placer\u201d, Ediciones Paid\u00f3s Ib\u00e9rica, S.A, 2010.<\/li>\n<li>LOWEN, Alexander, \u201cLa espiritualidad del cuerpo: bioenerg\u00e9tica, un camino para encontrar la armon\u00eda y el estado de gracia\u201d, Ediciones Paid\u00f3s Ib\u00e9rica, S.A., 2010.<\/li>\n<li>LOWEN, Alexander, &#8220;El narcisismo: la enfermedad de nuestro tiempo\u201d, Ediciones Paid\u00f3s Ib\u00e9rica, S.A., 2009.<\/li>\n<li>LOWEN, Alexander, \u201cMiedo a la vida\u201d, Ed. Papel de Liar, 2009.<\/li>\n<li>LOWEN, Alexander, &#8220;El amor, el sexo y la salud del coraz\u00f3n\u201d, Editorial Herder, S.A. 2008.<\/li>\n<li>LOWEN, Alexander, \u201cAmor y orgasmo: una gu\u00eda revolucionaria para la satisfacci\u00f3n sexual\u201d, Editorial Kair\u00f3s, S.A, 2008.<\/li>\n<li>LOWEN, Alexander, \u201cEl lenguaje del cuerpo: din\u00e1mica f\u00edsica de la estructura del car\u00e1cter\u201d, Editorial Herder, S.A, 2007.<\/li>\n<li>LOWEN, Alexander, \u201cLa experiencia del placer: vivencias corporales, creatividad y bioenerg\u00e9tica para alcanzar una vida m\u00e1s plena\u201d, Ediciones Paid\u00f3s Ib\u00e9rica, S.A.,2002.<\/li>\n<li>LOWEN, Alexander, \u201cBioenerg\u00e9tica\u201d, Editorial Diana, 1994.<\/li>\n<li>LOWEN, Alexander, \u201cLa traici\u00f3n al cuerpo\u201d, Editorial Era Naciente, 1996.<\/li>\n<li>LOWEN, Alexander, \u201cEl gozo. La entrega al cuerpo y a los sentimientos\u201d, Editorial Era Naciente, 1996<\/li>\n<\/ul>\n<span class=\"highlight\">\n<h3>BESTE EGILE BATZUK<\/h3>\n<\/span>\n<div class=\"g-hr type_short\">\n\t\t\t\t\t\t<span class=\"g-hr-h\">\n\t\t\t\t\t\t\t<i class=\"fa fa-fa fa-pencil\"><\/i>\n\t\t\t\t\t\t<\/span>\n\t\t\t\t\t<\/div>\n<ul>\n<li>BARUDY, Jorge, \u201cLos buenos tratos a la infancia\u201d, Editorial Gedisa, S.A., 2005.<\/li>\n<li>BARUDY, Jorge, \u201dEl dolor invisible de la infancia: una lectura ecosistem\u00e1tica del maltrato infantil\u201d, Editorial Paid\u00f3s Ib\u00e9rica, S.A. , 2010.<\/li>\n<li>BOADELLA, David, \u201cCorrientes de vida: una introducci\u00f3n a la bios\u00edntesis\u201d, Buenos Aires, Barcelona, Paid\u00f3s, 1993.<\/li>\n<li>BOWLBY,John, \u201cV\u00ednculos afectivos: formaci\u00f3n, desarrollo y p\u00e9rdida\u201d, Ediciones Morata, S.A, 2006<\/li>\n<li>BOWLBY, John, \u201cUna Base segura: aplicaciones cl\u00ednicas de una teor\u00eda del apego\u201d, Barcelona, Paid\u00f3s Ib\u00e9rica, S.A ,1995<\/li>\n<li>DADOUN, David, \u201cEl erotismo\u201d, Editorial Biblioteca Nueva, S.L., 2006.<\/li>\n<li>DAMASIO, Antonio, \u201dLa sensaci\u00f3n de lo que ocurre\u201d, Editorial Debate, 2001.<\/li>\n<li>DAMASIO, Antonio, \u201dEl error de Descartes: la emoci\u00f3n, la raz\u00f3n y el cerebro humano\u201d, Editorial Cr\u00edtica, 2004.<\/li>\n<li>DAMASIO, Antorio, \u201cEn busca de Spinoza: Neurobiolog\u00eda de la emoci\u00f3n y los sentimientos\u201d, Editorial Cr\u00edtica, 2005<\/li>\n<li>DAMASIO, Antonio, \u201cY el cerebro cre\u00f3 al hombre\u201d, Ed. Destino, 2010.<\/li>\n<li>GUDAT, Ulrich, \u201dBioenerg\u00e9tica: c\u00f3mo eliminar las tensiones y liberar las fuerzas vitales\u201d, Abraxas, S.L., 1997.<\/li>\n<li>HAXTHAUSEN, \u201cMargit. Sentir el cuerpo\u201d, Barcelona, Urano, 1989.<\/li>\n<li>KELEMAN, Stanley, \u201dAnatom\u00eda emocional: la estructura de la experiencia som\u00e1tica\u201d, Editorial Descl\u00e9e de Brouwer, S.A., 2010.<\/li>\n<li>KELEMAN, Stanley, \u201dEl amor una visi\u00f3n som\u00e1tica\u201d, Editorial Descl\u00e9e de Brouwer, S.A. ,2001.<\/li>\n<li>KELEMAN, Stanley. \u201dLa realidad som\u00e1tica: proceso de la persona\u201d. Narcea, S.A. de ediciones. 1987.<\/li>\n<li>LAPASSADE, George, \u201cLa bio-energ\u00eda\u201d, Editorial Gedisa, S.A., 1978.<\/li>\n<li>LAPASSADE, George, \u201cEl analizador y el analista\u201d, Editorial Gedisa, S.A., 1979.<\/li>\n<li>MARRONE, Mario, \u201cLa teor\u00eda del apego: un enfoque actual\u201d, Editorial Psim\u00e1tica, 2009.<\/li>\n<li>MILLER, Alice, \u201cEl drama del ni\u00f1o dotado y la b\u00fasqueda de su verdadero yo\u201d, Tusquets Editores, S.A., 2005<\/li>\n<li>MILLER, Alice, \u201cEl cuerpo nunca miente\u201d, Tusquets editores, 2005.<\/li>\n<li>MONTAGU, Ashley, \u201cLa naturaleza de la agresividad humana\u201d, Alianza Editorial, S.A., 1990.<\/li>\n<li>MONTAGU, Ashley, \u201cEl tacto: la importancia de la piel en las relaciones humanas\u201d, Ediciones Paid\u00f3s Ib\u00e9rica, S.A., 2004.<\/li>\n<li>MONTAGU, Ashley, \u201dLa direcci\u00f3n del desarrollo humano\u201d, Editorial Tecnos, 1975,<\/li>\n<li>PAUMELLE, Henri, \u201dLa funci\u00f3n del cuerpo en psicoterapia\u201d, Editorial S\u00edntesis, S.A., 2003.<\/li>\n<li>PAT OGDEN &#8211; KEKUNI MINTON &#8211; CLARE PAIN, \u201cEl trauma y el cuerpo\u201d, Editorial Descl\u00e9e de Brouwer, S.A., 2009.<\/li>\n<li>RAM\u00cdREZ, Jos\u00e9 Agust\u00edn, \u201cPsique y soma: terapia bioenerg\u00e9tica\u201d, Editorial Descl\u00e9e de Brouwer, S.A., 2011.<\/li>\n<li>RAM\u00cdREZ, Jos\u00e9 Agust\u00edn, \u201cPsicodrama: teor\u00eda y pr\u00e1ctica\u201d, Editorial Descl\u00e9e de Brouwer, S.A., 2011.<\/li>\n<li>REICH, Wilhelm, \u201dLa funci\u00f3n del orgasmo\u201d, Ediciones El Pa\u00eds, S.L., 2003.<\/li>\n<li>REICH, Wilhelm, \u201cAn\u00e1lisis del car\u00e1cter\u201d, Ediciones Paid\u00f3s Ib\u00e9rica, S.A., 2010.<\/li>\n<li>SCHMIDT, Vera; REICH, Wilhelm, \u201cPsicoan\u00e1lisis y educaci\u00f3n. 1\u201d, Barcelona, Anagrama, 1973.<\/li>\n<li>SCHMIDT, Vera; REICH, Wilhelm, \u201cPsicoan\u00e1lisis y educaci\u00f3n. 2\u201d, Barcelona, Anagrama, 1973.<\/li>\n<li>SIEGEL, Daniel, \u201dLa mente en desarrollo\u201d, Editorial Descl\u00e9e de Brouwer, S.A.,2007<\/li>\n<li>STERN, Daniel N, \u201cDiario de un beb\u00e9: qu\u00e9 ve, siente y experimenta el ni\u00f1o en sus primeros cuatro a\u00f1os, Ediciones Paid\u00f3s Ib\u00e9rica, S.A., 2010.<\/li>\n<li>STERN, Daniel N, \u201cLa primera relaci\u00f3n madre \u2013hijo\u201d, Ediciones Morata. S.L., 1998<\/li>\n<li>STERN, Daniel N,\u201dLa constelaci\u00f3n maternal: la psicoterapia en las relaciones entre padres e hijos\u201d, Ediciones Paid\u00f3s Ib\u00e9rica, S.A., 1997.<\/li>\n<li>TONELLA, Guy, \u201cAn\u00e1lisis bioenerg\u00e9tico\u201d, Gaia ediciones, 2000.<\/li>\n<li>WINNICOTT, D.W, \u201cRealidad y juego\u201d, Editorial Gedisa, S.A., 1982.<\/li>\n<li>WINNICOTT, D.W, \u201cConversando con los padres. Aciertos y errores en la crianza de hijos\u201d, Ediciones Paid\u00f3s Ib\u00e9rica, S.A., 1993.<\/li>\n<li>WINNICOTT, D.W, \u201cEl gesto espont\u00e1neo: cartas escogidas\u201d, Ediciones Paid\u00f3s Ib\u00e9rica, S.A., 2008.<\/li>\n<li>WINNICOTT, D.W., \u201cLa naturaleza humana\u201d, Editorial Paidos,1993.<\/li>\n<\/ul>\n<\/div>\n<span class=\"highlight\">\n<h3 class=\"articulos\">ARTIKULUAK<\/h3>\n<\/span>\n<div class=\"g-hr type_short\">\n\t\t\t\t\t\t<span class=\"g-hr-h\">\n\t\t\t\t\t\t\t<i class=\"fa fa-fa fa-pencil\"><\/i>\n\t\t\t\t\t\t<\/span>\n\t\t\t\t\t<\/div>\n<div class=\"g-cols offset_default\">\n<div class=\"one-half\">\n<div class=\"articulo\">\n<div class=\"artimg\"><img decoding=\"async\" alt=\"\" src=\"..\/..\/wp-content\/uploads\/2014\/06\/Lowen12.jpg\" \/><\/div>\n<h4>A. Lowen<\/h4>\n<p><a href=\"..\/..\/wp-content\/uploads\/2014\/06\/lowen.rtf\" target=\"_blank\">&#8220;Respiraci\u00f3n, sentimiento y movimiento&#8221;<\/a>\n<\/div>\n<div class=\"articulo\">\n<div class=\"artimg\"><img decoding=\"async\" alt=\"\" src=\"..\/..\/wp-content\/uploads\/2014\/06\/FRECHETTE.bmp\" \/><\/div>\n<h4>Louise Fr\u00e9chette<\/h4>\n<p><a href=\"..\/..\/wp-content\/uploads\/2014\/06\/circulacion.pdf\" target=\"_blank\">&#8220;Circulaci\u00f3n Energ\u00e9tica y sexualidad&#8221;<\/a>\n<\/div>\n<div class=\"articulo\">\n<div class=\"artimg\"><img decoding=\"async\" alt=\"\" src=\"..\/..\/wp-content\/uploads\/2014\/06\/TONELLA.bmp\" \/><\/div>\n<h4>Guy Tonella<\/h4>\n<p><a href=\"..\/..\/wp-content\/uploads\/2014\/06\/ELSIMISMOINTERACTIVO.doc\" target=\"_blank\">&#8220;El S\u00ed mismo interactivo&#8221;<\/a>\n<\/div>\n<div class=\"articulo\">\n<div class=\"artimg\"><img decoding=\"async\" alt=\"\" src=\"..\/..\/wp-content\/uploads\/2014\/06\/JEANMARC.jpg\" \/><\/div>\n<h4>Jean Marc Guillerme<\/h4>\n<p><a href=\"..\/..\/wp-content\/uploads\/2014\/06\/Cuerpoysueno.doc\" target=\"_blank\">&#8220;Cuerpo del sue\u00f1o y cuerpo del so\u00f1ador&#8221;<\/a>\n<\/div>\n<div class=\"articulo\">\n<div class=\"artimg\"><\/div>\n<h4>Dorte Laschinsky<\/h4>\n<p><a href=\"..\/..\/wp-content\/uploads\/2014\/06\/Eltrabajocongentequehasufridoabuso.doc\" target=\"_blank\">&#8220;El trabajo con gente que ha sufrido abuso sexual&#8221;<\/a>\n<\/div>\n<div class=\"articulo\">\n<div class=\"artimg\"><\/div>\n<h4>Art\u00edculo<\/h4>\n<p><a href=\"..\/..\/wp-content\/uploads\/2014\/06\/Validacion_AB.pdf\" target=\"_blank\">Validaci\u00f3n  Cient\u00edfica del A.B.<\/a>\n<\/div>\n<div class=\"articulo\">\n<div class=\"artimg\"><img decoding=\"async\" alt=\"\" src=\"..\/..\/wp-content\/uploads\/2014\/06\/LIBERMAN.bmp\" \/><\/div>\n<h4>Edith Liberman<\/h4>\n<p><a href=\"..\/..\/wp-content\/uploads\/2014\/06\/LIBERMANactualizandoperversion.doc\" target=\"_blank\">&#8220;Actualizaci\u00f3n del concepto de perversi\u00f3n: Soluciones sexuales del trauma&#8221;<\/a>\n<\/div>\n<\/div>\n<div class=\"one-half\">\n<div class=\"articulo\">\n<div class=\"artimg\"><img decoding=\"async\" alt=\"\" src=\"..\/..\/wp-content\/uploads\/2014\/06\/PEREZ.jpg\" \/><\/div>\n<h4>Jaime Juan P\u00e9rez<\/h4>\n<p><a href=\"..\/..\/wp-content\/uploads\/2014\/06\/AbordajeBioenergeticodelTrauma.doc\" target=\"_blank\">&#8220;Abordaje bioenerg\u00e9tico del trauma&#8221;<\/a>\n<\/div>\n<div class=\"articulo\">\n<div class=\"artimg\"><img decoding=\"async\" alt=\"\" src=\"..\/..\/wp-content\/uploads\/2014\/06\/MORENO.bmp\" \/><\/div>\n<h4>Jos\u00e9 Luis Moreno<\/h4>\n<p><a href=\"..\/..\/wp-content\/uploads\/2014\/06\/Haciendovisiblesudolor.doc\" target=\"_blank\">&#8220;Haciendo visible su dolor, volviendo a la vida: El caso de Anabel\u201d<\/a>\n<\/div>\n<div class=\"articulo\">\n<div class=\"artimg\"><img decoding=\"async\" alt=\"\" src=\"..\/..\/wp-content\/uploads\/2014\/06\/PACO.bmp\" \/><\/div>\n<h4>Francisco Garc\u00eda<\/h4>\n<p><a href=\"..\/..\/wp-content\/uploads\/2014\/06\/Memoria_explicita_implicita.doc\" target=\"_blank\">&#8220;Memoria expl\u00edcita e impl\u00edcita. Implicaciones para la Psicoterapia y para el An\u00e1lisis Bioenerg\u00e9tico&#8221;<\/a>\n<\/div>\n<div class=\"articulo\">\n<div class=\"artimg\"><img decoding=\"async\" alt=\"\" src=\"..\/..\/wp-content\/uploads\/2014\/06\/ALZINA.bmp\" \/><\/div>\n<h4>M\u00aa Alzina Fraga<\/h4>\n<p><a href=\"..\/..\/wp-content\/uploads\/2014\/06\/LATRISTEZASUFUNCIONHOMEOSTATICA.doc\" target=\"_blank\">&#8220;La tristeza y su funci\u00f3n homeost\u00e1tica&#8221;<\/a>\n<\/div>\n<div class=\"articulo\">\n<div class=\"artimg\"><img decoding=\"async\" alt=\"\" src=\"..\/..\/wp-content\/uploads\/2014\/06\/ZUMALDE.jpg\" \/><\/div>\n<h4>Entrevista a Maite Zumalde. <\/h4>\n<p><a href=\"http:\/\/www.zientzia.net\/artikulua.asp?Artik_kod=7636\" target=\"_blank\">Analisi Bioenergetikoa<\/a>\n<\/div>\n<div class=\"articulo\">\n<div class=\"artimg\"><\/div>\n<h4>Jen Tasche <\/h4>\n<p><a href=\"..\/..\/wp-content\/uploads\/2014\/06\/SOBRELADIFICULTADDECANTARUNAESCALA.doc\" target=\"_blank\">&#8220;Sobre la dificultad de cantar una escala: Reflejos de la interrelaci\u00f3n entre el Ego y la organizaci\u00f3n del cuerpo&#8221;<\/a>\n<\/div>\n<div class=\"articulo\">\n<div class=\"artimg\"><img decoding=\"async\" alt=\"\" src=\"..\/..\/wp-content\/uploads\/2014\/06\/SusanaSachetti.jpg\" \/><\/div>\n<h4>Susana Sachetti<\/h4>\n<p><a href=\"..\/..\/wp-content\/uploads\/2014\/06\/ALGUNAS-REFLEXIONES-SOBRE-EL-MIEDO.pdf\" target=\"_blank\">\u201cAlgunas reflexiones sobre el miedo\u201d<\/a><br \/>\n<a href=\"..\/..\/wp-content\/uploads\/2014\/06\/LA-NUTRICION-Y-LA-FUNCION-MATERNA.pdf\" target=\"_blank\">\u201cLa Nutrici\u00f3n y la Funci\u00f3n Materna\u201d<\/a>\n<\/div>\n<\/div>\n<\/div>\n<\/div><\/div>","protected":false},"excerpt":{"rendered":"<p>LOWEN, Alexander, \u201cEjercicios de bioenerg\u00e9tica\u201d, Editorial Sirio, S.A., 2011. LOWEN, Alexander, &#8220;La depresi\u00f3n y el cuerpo: la base biol\u00f3gica de la fe&hellip;<\/p>\n","protected":false},"author":3,"featured_media":0,"parent":0,"menu_order":0,"comment_status":"open","ping_status":"open","template":"","meta":{"footnotes":""},"class_list":["post-1954","page","type-page","status-publish","hentry"],"_links":{"self":[{"href":"https:\/\/analisisbioenergetico.org\/EU\/wp-json\/wp\/v2\/pages\/1954","targetHints":{"allow":["GET"]}}],"collection":[{"href":"https:\/\/analisisbioenergetico.org\/EU\/wp-json\/wp\/v2\/pages"}],"about":[{"href":"https:\/\/analisisbioenergetico.org\/EU\/wp-json\/wp\/v2\/types\/page"}],"author":[{"embeddable":true,"href":"https:\/\/analisisbioenergetico.org\/EU\/wp-json\/wp\/v2\/users\/3"}],"replies":[{"embeddable":true,"href":"https:\/\/analisisbioenergetico.org\/EU\/wp-json\/wp\/v2\/comments?post=1954"}],"version-history":[{"count":68,"href":"https:\/\/analisisbioenergetico.org\/EU\/wp-json\/wp\/v2\/pages\/1954\/revisions"}],"predecessor-version":[{"id":2434,"href":"https:\/\/analisisbioenergetico.org\/EU\/wp-json\/wp\/v2\/pages\/1954\/revisions\/2434"}],"wp:attachment":[{"href":"https:\/\/analisisbioenergetico.org\/EU\/wp-json\/wp\/v2\/media?parent=1954"}],"curies":[{"name":"wp","href":"https:\/\/api.w.org\/{rel}","templated":true}]}}