{"id":2,"date":"2014-06-15T09:26:23","date_gmt":"2014-06-15T09:26:23","guid":{"rendered":"http:\/\/www.analisisbioenergetico.org\/?page_id=2"},"modified":"2014-06-17T15:09:19","modified_gmt":"2014-06-17T15:09:19","slug":"inicio","status":"publish","type":"page","link":"https:\/\/analisisbioenergetico.org\/EU\/inicio\/","title":{"rendered":"Inicio"},"content":{"rendered":"<div class=\"l-subsection with_parallax\" style=\"background-image: url(http:\/\/www.analisisbioenergetico.org\/wp-content\/uploads\/2014\/06\/clouds1.jpg)\"><div class=\"l-subsection-h g-html i-cf\">\n<div class=\"g-hr type_invisible\">\n\t\t\t\t\t\t<span class=\"g-hr-h\">\n\t\t\t\t\t\t\t<i class=\"fa fa-star\"><\/i>\n\t\t\t\t\t\t<\/span>\n\t\t\t\t\t<\/div>\n<h1 class=\"home-heading\">\n<span class=\"home-heading-line type_dark_bg\"><strong>Asociaci\u00f3n de An\u00e1lisis Bioenerg\u00e9tico del Pa\u00eds Vasco<\/strong><\/span>\n<br><span class=\"home-heading-line type_primary_bg\">Slogan referente a la asociaci\u00f3n<\/span>\n<\/h1>\n<div class=\"home-heading\"><span class=\"w-icon size_big with_circle\">\n\t\t\t\t\t\t<a class=\"w-icon-link\" href=\"#about\">\n\t\t\t\t\t\t\t<i class=\"fa fa-arrow-down\"><\/i>\n\t\t\t\t\t\t<\/a>\n\t\t\t\t\t<\/span><div class=\"g-hr type_invisible\">\n\t\t\t\t\t\t<span class=\"g-hr-h\">\n\t\t\t\t\t\t\t<i class=\"fa fa-star\"><\/i>\n\t\t\t\t\t\t<\/span>\n\t\t\t\t\t<\/div><\/div>\n<\/div><\/div>","protected":false},"excerpt":{"rendered":"","protected":false},"author":3,"featured_media":0,"parent":0,"menu_order":0,"comment_status":"open","ping_status":"open","template":"","meta":{"footnotes":""},"class_list":["post-2","page","type-page","status-publish","hentry"],"_links":{"self":[{"href":"https:\/\/analisisbioenergetico.org\/EU\/wp-json\/wp\/v2\/pages\/2","targetHints":{"allow":["GET"]}}],"collection":[{"href":"https:\/\/analisisbioenergetico.org\/EU\/wp-json\/wp\/v2\/pages"}],"about":[{"href":"https:\/\/analisisbioenergetico.org\/EU\/wp-json\/wp\/v2\/types\/page"}],"author":[{"embeddable":true,"href":"https:\/\/analisisbioenergetico.org\/EU\/wp-json\/wp\/v2\/users\/3"}],"replies":[{"embeddable":true,"href":"https:\/\/analisisbioenergetico.org\/EU\/wp-json\/wp\/v2\/comments?post=2"}],"version-history":[{"count":12,"href":"https:\/\/analisisbioenergetico.org\/EU\/wp-json\/wp\/v2\/pages\/2\/revisions"}],"predecessor-version":[{"id":33,"href":"https:\/\/analisisbioenergetico.org\/EU\/wp-json\/wp\/v2\/pages\/2\/revisions\/33"}],"wp:attachment":[{"href":"https:\/\/analisisbioenergetico.org\/EU\/wp-json\/wp\/v2\/media?parent=2"}],"curies":[{"name":"wp","href":"https:\/\/api.w.org\/{rel}","templated":true}]}}