{"id":2697,"date":"2020-07-20T11:24:27","date_gmt":"2020-07-20T11:24:27","guid":{"rendered":"http:\/\/www.analisisbioenergetico.org\/?page_id=2697"},"modified":"2020-07-22T06:50:47","modified_gmt":"2020-07-22T06:50:47","slug":"politica-de-cookies","status":"publish","type":"page","link":"https:\/\/analisisbioenergetico.org\/EU\/castellano-politica-de-cookies\/","title":{"rendered":"POL\u00cdTICA DE COOKIES"},"content":{"rendered":"<div class=\"l-subsection\"><div class=\"l-subsection-h g-html i-cf\"><p class=\"p1\"><b>POL\u00cdTICA DE COOKIES<\/b><\/p>\n<p class=\"p3\">En cumplimiento con lo dispuesto en el art\u00edculo 22.2 de la Ley 34\/2002, de 11 de julio, de Servicios de la Sociedad de la Informaci\u00f3n y de Comercio Electr\u00f3nico, <a href=\"http:\/\/www.analisisbioenergetico.org\"><span class=\"s1\">www.analisisbioenergetico.org<\/span><\/a> (en adelante, el website) le informa en esta secci\u00f3n la pol\u00edtica de recogida y tratamiento de cookies de terceros con fines de An\u00e1lisis, de Marketing y T\u00e9cnicos en el website.<\/p>\n<p class=\"p3\">Las cookies son peque\u00f1os archivos de texto que las p\u00e1ginas web almacenan en el navegador del usuario que las visita para hacer m\u00e1s eficiente la experiencia del usuario.<\/p>\n<p class=\"p3\">Esta p\u00e1gina web utiliza cookies propias y de terceros para personalizar el contenido y los anuncios, ofrecer funciones de redes sociales y analizar el tr\u00e1fico. Adem\u00e1s, compartimos informaci\u00f3n sobre el uso que haga del sitio web con nuestros partners de redes sociales, publicidad y an\u00e1lisis web, quienes pueden combinarla con otra informaci\u00f3n que les haya proporcionado o que hayan recopilado a partir del uso que haya hecho de sus servicios.<\/p>\n<p class=\"p3\">Algunas cookies son esenciales para el funcionamiento del sitio, por ejemplo, el buscador incorporado. Otras se usan para para recopilar informaci\u00f3n con fines estad\u00edsticos y de uso de la web.<\/p>\n<p class=\"p3\">El uso del website implica la aceptaci\u00f3n del uso de cookies para los fines y usos que se citan en la presente Pol\u00edtica de Cookies.<\/p>\n<p class=\"p5\"><span class=\"s2\">En este enlace puede consultar <a href=\"https:\/\/www.google.com\/intl\/es\/policies\/privacy\/partners\/\"><span class=\"s1\">c\u00f3mo usa Google los datos cuando utilizas las aplicaciones o los<\/span><\/a> <a href=\"https:\/\/www.google.com\/intl\/es\/policies\/privacy\/partners\/\"><span class=\"s1\">sitios web sus partners<\/span><\/a>.<\/span><\/p>\n<p class=\"p3\"><b>USO DE COOKIES SEG\u00daN LA GESTI\u00d3N Y EL TIEMPO ACTIVAS<\/b><\/p>\n<p class=\"p3\">Esta p\u00e1gina web utiliza servicios de terceros para recopilar informaci\u00f3n con fines estad\u00edsticos y de uso de la web. En concreto, Cookies propias, Cookies de terceros, de sesi\u00f3n y activas para fines de An\u00e1lisis, de Marketing y T\u00e9cnicos.<\/p>\n<p class=\"p3\">La siguiente informaci\u00f3n de los tipos de cookies que contiene esta p\u00e1gina ayuda a comprender mejor las funciones que hacen posible.<\/p>\n<p class=\"p3\">Seg\u00fan el tiempo de permanencia en el navegador, se dividen en:<\/p>\n<p class=\"p3\"><b>Cookies de sesi\u00f3n:<\/b> Son cookies temporales que permanecen en el espacio de cookies de su equipo hasta que cierra el navegador, por lo que ninguna queda registrada en el disco del usuario. La informaci\u00f3n obtenida por medio de estas cookies sirve para hacer posible la gesti\u00f3n operativa con cada uno de los usuarios que est\u00e1 accediendo de forma simult\u00e1nea a la web.<\/p>\n<p class=\"p3\"><b>Cookies persistentes: <\/b>Son cookies que permanecen almacenadas en el espacio de cookies de su equipo una vez cerrado el navegador, y que volver\u00e1 a consultar dicha p\u00e1gina web la pr\u00f3xima vez que acceda a ella para recordar informaci\u00f3n que facilite la navegaci\u00f3n (acceder directamente al servicio sin necesidad de hacer el proceso de login) o la prestaci\u00f3n de un servicio comercial (ofrecer aquellos productos o servicios relacionados con anteriores visitas).<\/p>\n<p class=\"p3\">Adem\u00e1s, las cookies intercambiadas al navegar por una p\u00e1gina web pueden ser:<\/p>\n<p class=\"p3\"><b>Cookies de origen o propias:<\/b> Son cookies generadas por la propia p\u00e1gina web que se est\u00e1 visitando.<\/p>\n<p class=\"p3\"><b>Cookies de terceros:<\/b> Son cookies que se reciben al navegar por esa p\u00e1gina web, pero que han sido generadas por un tercer servicio que se encuentra hospedado en ella. Un ejemplo puede ser la cookie empleada por un anuncio o banner de publicidad que se encuentra en la p\u00e1gina web que visitamos. Otro puede ser la cookie empleada por un contador de visitantes contratado por la p\u00e1gina web que visitamos.<\/p>\n<p class=\"p3\"><b>SEG\u00daN SU FINALIDAD<\/b><\/p>\n<p class=\"p3\">En virtud de su finalidad, utilizamos cookies de An\u00e1lisis, Publicitarias y T\u00e9cnicas (o necesarias):<\/p>\n<p class=\"p3\"><b>Necesarias<\/b>:<\/p>\n<p class=\"p3\">Permiten al usuario la navegaci\u00f3n a trav\u00e9s de una p\u00e1gina web, plataforma o aplicaci\u00f3n y la utilizaci\u00f3n de las diferentes opciones o servicios que en ella existan como, por ejemplo, controlar el tr\u00e1fico y la comunicaci\u00f3n de datos, identificar la sesi\u00f3n, acceder a partes de acceso restringido, recordar los elementos que integran un pedido, realizar el proceso de compra de un pedido, realizar la solicitud de inscripci\u00f3n o participaci\u00f3n en un evento, utilizar elementos de seguridad durante la navegaci\u00f3n, almacenar contenidos para la difusi\u00f3n de v\u00eddeos o sonido o compartir contenidos a trav\u00e9s de redes sociales.<\/p>\n<table class=\"t1\" cellspacing=\"0\" cellpadding=\"0\">\n<tbody>\n<tr>\n<td class=\"td1\" valign=\"top\">\n<p class=\"p6\"><b>NOMBRE<\/b><\/p>\n<\/td>\n<td class=\"td2\" valign=\"top\">\n<p class=\"p6\"><b>PROVEEDOR<\/b><\/p>\n<\/td>\n<td class=\"td3\" valign=\"top\">\n<p class=\"p6\"><b>TIPO<\/b><\/p>\n<\/td>\n<td class=\"td4\" valign=\"top\">\n<p class=\"p6\"><b>CADUCIDAD<\/b><\/p>\n<\/td>\n<\/tr>\n<tr>\n<td class=\"td5\" valign=\"top\">\n<p class=\"p6\">CookieConsent<\/p>\n<\/td>\n<td class=\"td6\" valign=\"top\">\n<p class=\"p6\">analisisbiogenetico.org<\/p>\n<\/td>\n<td class=\"td7\" valign=\"top\">\n<p class=\"p6\">HTTP<\/p>\n<\/td>\n<td class=\"td8\" valign=\"top\">\n<p class=\"p6\">1 a\u00f1o<\/p>\n<\/td>\n<\/tr>\n<\/tbody>\n<\/table>\n<p class=\"p3\"><b>Estad\u00edsticas o de an\u00e1lisis:<\/b><\/p>\n<p class=\"p3\">Las cookies estad\u00edsticas ayudan a los propietarios de p\u00e1ginas web a comprender c\u00f3mo interact\u00faan los visitantes con las p\u00e1ginas web reuniendo y proporcionando informaci\u00f3n de forma an\u00f3nima.<\/p>\n<p class=\"p3\"><b>De marketing:<\/b><\/p>\n<p class=\"p3\">Las cookies de marketing se utilizan para rastrear a los visitantes en las p\u00e1ginas web. La intenci\u00f3n es mostrar anuncios relevantes y atractivos para el usuario individual, y por lo tanto, m\u00e1s valiosos para los editores y terceros anunciantes.<\/p>\n<table class=\"t1\" cellspacing=\"0\" cellpadding=\"0\">\n<tbody>\n<tr>\n<td class=\"td9\" valign=\"top\">\n<p class=\"p6\"><b>NOMBRE<\/b><\/p>\n<\/td>\n<td class=\"td10\" valign=\"top\">\n<p class=\"p6\"><b>PROVEEDOR<\/b><\/p>\n<\/td>\n<td class=\"td3\" valign=\"top\">\n<p class=\"p6\"><b>TIPO<\/b><\/p>\n<\/td>\n<td class=\"td4\" valign=\"top\">\n<p class=\"p6\"><b>CADUCIDAD<\/b><\/p>\n<\/td>\n<\/tr>\n<tr>\n<td class=\"td11\" valign=\"top\">\n<p class=\"p6\">GPS<\/p>\n<\/td>\n<td class=\"td12\" valign=\"top\">\n<p class=\"p6\">youtube.com<\/p>\n<\/td>\n<td class=\"td7\" valign=\"top\">\n<p class=\"p6\">HTTP<\/p>\n<\/td>\n<td class=\"td8\" valign=\"top\">\n<p class=\"p6\">1 d\u00eda<\/p>\n<\/td>\n<\/tr>\n<tr>\n<td class=\"td9\" valign=\"top\">\n<p class=\"p6\">IDE<\/p>\n<\/td>\n<td class=\"td10\" valign=\"top\">\n<p class=\"p6\">doubleclick.net<\/p>\n<\/td>\n<td class=\"td3\" valign=\"top\">\n<p class=\"p6\">HTTP<\/p>\n<\/td>\n<td class=\"td4\" valign=\"top\">\n<p class=\"p6\">2 a\u00f1os<\/p>\n<\/td>\n<\/tr>\n<tr>\n<td class=\"td11\" valign=\"top\">\n<p class=\"p6\">test_cookie<\/p>\n<\/td>\n<td class=\"td12\" valign=\"top\">\n<p class=\"p6\">doubleclick.net<\/p>\n<\/td>\n<td class=\"td7\" valign=\"top\">\n<p class=\"p6\">HTTP<\/p>\n<\/td>\n<td class=\"td8\" valign=\"top\">\n<p class=\"p6\">1 d\u00eda<\/p>\n<\/td>\n<\/tr>\n<tr>\n<td class=\"td9\" valign=\"top\">\n<p class=\"p6\">VISITOR_INFO1_LIVE<\/p>\n<\/td>\n<td class=\"td10\" valign=\"top\">\n<p class=\"p6\">youtube.com<\/p>\n<\/td>\n<td class=\"td3\" valign=\"top\">\n<p class=\"p6\">HTTP<\/p>\n<\/td>\n<td class=\"td4\" valign=\"top\">\n<p class=\"p6\">179 d\u00edas<\/p>\n<\/td>\n<\/tr>\n<tr>\n<td class=\"td11\" valign=\"top\">\n<p class=\"p6\">YSC<\/p>\n<\/td>\n<td class=\"td12\" valign=\"top\">\n<p class=\"p6\">youtube.com<\/p>\n<\/td>\n<td class=\"td7\" valign=\"top\">\n<p class=\"p6\">HTTP<\/p>\n<\/td>\n<td class=\"td8\" valign=\"top\">\n<p class=\"p6\">Sesi\u00f3n<\/p>\n<\/td>\n<\/tr>\n<tr>\n<td class=\"td9\" valign=\"top\">\n<p class=\"p6\">yt-remote-cast-installed<\/p>\n<\/td>\n<td class=\"td10\" valign=\"top\">\n<p class=\"p6\">youtube.com<\/p>\n<\/td>\n<td class=\"td3\" valign=\"top\">\n<p class=\"p6\">HTML<\/p>\n<\/td>\n<td class=\"td4\" valign=\"top\">\n<p class=\"p6\">Sesi\u00f3n<\/p>\n<\/td>\n<\/tr>\n<tr>\n<td class=\"td11\" valign=\"top\">\n<p class=\"p6\">yt-remote-connected-devices<\/p>\n<\/td>\n<td class=\"td12\" valign=\"top\">\n<p class=\"p6\">youtube.com<\/p>\n<\/td>\n<td class=\"td7\" valign=\"top\">\n<p class=\"p6\">HTML<\/p>\n<\/td>\n<td class=\"td8\" valign=\"top\">\n<p class=\"p6\">Persistente<\/p>\n<\/td>\n<\/tr>\n<tr>\n<td class=\"td9\" valign=\"top\">\n<p class=\"p6\">yt-remote-device-id<\/p>\n<\/td>\n<td class=\"td10\" valign=\"top\">\n<p class=\"p6\">youtube.com<\/p>\n<\/td>\n<td class=\"td3\" valign=\"top\">\n<p class=\"p6\">HTML<\/p>\n<\/td>\n<td class=\"td4\" valign=\"top\">\n<p class=\"p6\">Persistente<\/p>\n<\/td>\n<\/tr>\n<tr>\n<td class=\"td11\" valign=\"top\">\n<p class=\"p6\">yt-remote-fast-check-period<\/p>\n<\/td>\n<td class=\"td12\" valign=\"top\">\n<p class=\"p6\">youtube.com<\/p>\n<\/td>\n<td class=\"td7\" valign=\"top\">\n<p class=\"p6\">HTML<\/p>\n<\/td>\n<td class=\"td8\" valign=\"top\">\n<p class=\"p6\">Sesi\u00f3n<\/p>\n<\/td>\n<\/tr>\n<tr>\n<td class=\"td9\" valign=\"top\">\n<p class=\"p6\">yt-remote-session-app<\/p>\n<\/td>\n<td class=\"td10\" valign=\"top\">\n<p class=\"p6\">youtube.com<\/p>\n<\/td>\n<td class=\"td3\" valign=\"top\">\n<p class=\"p6\">HTML<\/p>\n<\/td>\n<td class=\"td4\" valign=\"top\">\n<p class=\"p6\">Sesi\u00f3n<\/p>\n<\/td>\n<\/tr>\n<tr>\n<td class=\"td11\" valign=\"top\">\n<p class=\"p6\">yt-remote-session-name<\/p>\n<\/td>\n<td class=\"td12\" valign=\"top\">\n<p class=\"p6\">youtube.com<\/p>\n<\/td>\n<td class=\"td7\" valign=\"top\">\n<p class=\"p6\">HTML<\/p>\n<\/td>\n<td class=\"td8\" valign=\"top\">\n<p class=\"p6\">Yesi\u00f3n<\/p>\n<\/td>\n<\/tr>\n<\/tbody>\n<\/table>\n<p class=\"p3\"><b>De Personalizaci\u00f3n:<\/b><\/p>\n<p class=\"p3\">Las cookies de preferencias permiten a la p\u00e1gina web recordar informaci\u00f3n que cambia la forma en que la p\u00e1gina se comporta o el aspecto que tiene, como su idioma preferido o la regi\u00f3n en la que usted se encuentra.<\/p>\n<table class=\"t1\" cellspacing=\"0\" cellpadding=\"0\">\n<tbody>\n<tr>\n<td class=\"td13\" valign=\"top\">\n<p class=\"p6\"><b>NOMBRE<\/b><\/p>\n<\/td>\n<td class=\"td14\" valign=\"top\">\n<p class=\"p6\"><b>PROVEEDOR<\/b><\/p>\n<\/td>\n<td class=\"td3\" valign=\"top\">\n<p class=\"p6\"><b>TIPO<\/b><\/p>\n<\/td>\n<td class=\"td4\" valign=\"top\">\n<p class=\"p6\"><b>CADUCIDAD<\/b><\/p>\n<\/td>\n<\/tr>\n<tr>\n<td class=\"td15\" valign=\"top\">\n<p class=\"p6\">qtrans_front_language<\/p>\n<\/td>\n<td class=\"td16\" valign=\"top\">\n<p class=\"p6\">analisisbiogenetico.org<\/p>\n<\/td>\n<td class=\"td7\" valign=\"top\">\n<p class=\"p6\">HTTP<\/p>\n<\/td>\n<td class=\"td8\" valign=\"top\">\n<p class=\"p6\">1 a\u00f1o<\/p>\n<\/td>\n<\/tr>\n<\/tbody>\n<\/table>\n<p class=\"p3\"><b>ADMINISTRAR COOKIES EN EL NAVEGADOR<\/b><\/p>\n<p class=\"p3\">Algunas personas prefieren no habilitar las cookies. Este es el motivo por el que la mayor\u00eda de los navegadores ofrecen la posibilidad de administrar cookies que sean adecuadas para el usuario. En algunos navegadores pueden configurarse reglas para administrar cookies por sitio, lo que ofrece un control m\u00e1s preciso sobre la privacidad. Esto significa que pueden inhabilitarse cookies de todos los sitios salvo de aquellos de confianza, o incluso borrar las cookies ya almacenadas.<\/p>\n<p class=\"p3\">A continuaci\u00f3n, se indica c\u00f3mo realizar estas configuraciones en los diferentes navegadores:<\/p>\n<p class=\"p5\"><span class=\"s3\"><a href=\"https:\/\/support.google.com\/accounts\/answer\/61416?hl=es\">Configurar cookies en Google Chrome<\/a><\/span><\/p>\n<p class=\"p5\"><span class=\"s3\"><a href=\"https:\/\/support.microsoft.com\/es-es\/help\/17442\/windows-internet-explorer-delete-manage-cookies\">Configurar cookies en Microsoft Internet Explorer<\/a><\/span><\/p>\n<p class=\"p5\"><span class=\"s3\"><a href=\"https:\/\/support.mozilla.org\/es\/kb\/habilitar-y-deshabilitar-cookies-sitios-web-rastrear-preferencias\">Configurar cookies en Mozilla Firefox<\/a><\/span><\/p>\n<p class=\"p5\"><span class=\"s3\"><a href=\"https:\/\/support.apple.com\/kb\/ph21411?locale=es_ES\">Configurar cookies en Safari<\/a><\/span><\/p>\n<\/div><\/div>","protected":false},"excerpt":{"rendered":"<p>POL\u00cdTICA DE COOKIES En cumplimiento con lo dispuesto en el art\u00edculo 22.2 de la Ley 34\/2002, de 11 de julio, de Servicios&hellip;<\/p>\n","protected":false},"author":3,"featured_media":0,"parent":0,"menu_order":0,"comment_status":"closed","ping_status":"closed","template":"","meta":{"footnotes":""},"class_list":["post-2697","page","type-page","status-publish","hentry"],"_links":{"self":[{"href":"https:\/\/analisisbioenergetico.org\/EU\/wp-json\/wp\/v2\/pages\/2697","targetHints":{"allow":["GET"]}}],"collection":[{"href":"https:\/\/analisisbioenergetico.org\/EU\/wp-json\/wp\/v2\/pages"}],"about":[{"href":"https:\/\/analisisbioenergetico.org\/EU\/wp-json\/wp\/v2\/types\/page"}],"author":[{"embeddable":true,"href":"https:\/\/analisisbioenergetico.org\/EU\/wp-json\/wp\/v2\/users\/3"}],"replies":[{"embeddable":true,"href":"https:\/\/analisisbioenergetico.org\/EU\/wp-json\/wp\/v2\/comments?post=2697"}],"version-history":[{"count":2,"href":"https:\/\/analisisbioenergetico.org\/EU\/wp-json\/wp\/v2\/pages\/2697\/revisions"}],"predecessor-version":[{"id":2716,"href":"https:\/\/analisisbioenergetico.org\/EU\/wp-json\/wp\/v2\/pages\/2697\/revisions\/2716"}],"wp:attachment":[{"href":"https:\/\/analisisbioenergetico.org\/EU\/wp-json\/wp\/v2\/media?parent=2697"}],"curies":[{"name":"wp","href":"https:\/\/api.w.org\/{rel}","templated":true}]}}