{"id":2705,"date":"2020-07-20T11:27:11","date_gmt":"2020-07-20T11:27:11","guid":{"rendered":"http:\/\/www.analisisbioenergetico.org\/?page_id=2705"},"modified":"2020-07-22T06:50:17","modified_gmt":"2020-07-22T06:50:17","slug":"aviso-legal","status":"publish","type":"page","link":"https:\/\/analisisbioenergetico.org\/EU\/castellano-aviso-legal\/","title":{"rendered":"AVISO LEGAL"},"content":{"rendered":"<div class=\"l-subsection\"><div class=\"l-subsection-h g-html i-cf\"><p class=\"p1\"><b>AVISO LEGAL<\/b><\/p>\n<p class=\"p3\"><b>INFORMACI\u00d3N IDENTIFICATIVA<\/b><\/p>\n<p class=\"p3\">La p\u00e1gina web <a href=\"http:\/\/www.analisisbioenergetico.org\"><span class=\"s1\">www.analisisbioenergetico.org<\/span><\/a> (en adelante, el \u201cwebsite\u201d) es un espacio web que difunde la\u00a0divulgaci\u00f3n, la formaci\u00f3n, y la pr\u00e1ctica del An\u00e1lisis Bioenerg\u00e9tico\u00a0como modelo de psicoterapia. A trav\u00e9s del website, se puede solicitar informaci\u00f3n, as\u00ed como plantear cualquier otra cuesti\u00f3n a los titulares, a trav\u00e9s del formulario de contacto, as\u00ed como mediante los datos de contacto facilitados en el mismo.<\/p>\n<p class=\"p3\"><b>Identidad del titular:<\/b> Euskal Herriko Analisi Bioenergitkoko Elkartea<\/p>\n<p class=\"p5\"><b>CIF:<\/b> G20581963<\/p>\n<p class=\"p5\"><b>Direcci\u00f3n:<\/b> Paseo de Mund\u00e1iz 8, 2\u00ba F. C.P.: 20012 Donostia (Gipuzkoa)<\/p>\n<p class=\"p3\"><b>Correo electr\u00f3nico:<\/b> <a href=\"http:\/\/secretaria@ehabe.org\"><span class=\"s1\">secretaria@ehabe.org<\/span><\/a><\/p>\n<p class=\"p3\"><b>CONDICIONES GENERALES DE USO<\/b><\/p>\n<p class=\"p3\">El presente AVISO LEGAL tiene por objeto regular el acceso, navegaci\u00f3n y, en general, la relaci\u00f3n entre el website y los usuarios del mismo (en adelante, los \u201cusuarios\u201d).<\/p>\n<p class=\"p3\">Se entender\u00e1 que el acceso y utilizaci\u00f3n de la web o el consumo de los servicios y contenidos que ofrece implican la asunci\u00f3n del rol de usuario y, por lo tanto, la aceptaci\u00f3n por parte de estos sin reservas de todas y cada una de las presentes condiciones de uso, las cuales est\u00e1n sujetas a modificaci\u00f3n. En consecuencia, ser\u00e1 necesaria su lectura por parte del usuario cada vez que se visite la web.<\/p>\n<p class=\"p3\">Lo mismo suceder\u00e1 cuando se requiera la conformidad del usuario para cualquier contenido de forma espec\u00edfica, de tal forma que constituya un click-wrap agreement. Esta forma de aceptaci\u00f3n podr\u00e1 complementar o sustituir a las presentes condiciones de uso.<\/p>\n<p class=\"p3\">Las presentes Condiciones Generales de Uso observan el acceso, navegaci\u00f3n y utilizaci\u00f3n del presente Sitio Web, sin perjuicio de que el titularse reserva el derecho a realizar cualquier tipo de modificaci\u00f3n tanto de estas condiciones como de cualquier aspecto o contenido de la p\u00e1gina web.<\/p>\n<p class=\"p3\">Del mismo modo, informamos a los usuarios mediante este documento acerca de cu\u00e1les son sus derechos y sus obligaciones en relaci\u00f3n con los contenidos expuestos a trav\u00e9s del Sitio Web, logotipos y marcas utilizadas, as\u00ed como las responsabilidades que pueden derivarse del uso del servicio.<\/p>\n<p class=\"p3\">Los titulares perseguir\u00e1n el incumplimiento de las presentes condiciones, as\u00ed como cualquier utilizaci\u00f3n indebida de su portal ejerciendo todas las acciones civiles y penales que le puedan corresponder en derecho.<\/p>\n<p class=\"p3\"><b>OBJETO Y FINES DEL SITIO<\/b><\/p>\n<p class=\"p3\">El consumo de los productos\/servicios ofrecidos a trav\u00e9s de la web, as\u00ed como de la informaci\u00f3n en ella dispuesta quedan expresamente sujetos a lo dispuesto en las presentes Condiciones Generales.<\/p>\n<p class=\"p3\">Este es un espacio web que difunde la\u00a0divulgaci\u00f3n, la formaci\u00f3n, y la pr\u00e1ctica del An\u00e1lisis Bioenerg\u00e9tico\u00a0como modelo de psicoterapia. A trav\u00e9s del website, se puede solicitar informaci\u00f3n, as\u00ed como plantear cualquier otra cuesti\u00f3n a los titulares, a trav\u00e9s del formulario de contacto, as\u00ed como mediante los datos de contacto facilitados en el mismo.<\/p>\n<p class=\"p3\">Para ello, el website facilita el contacto con los titulares y distribuye contenidos (textos, gr\u00e1ficos, dibujos, dise\u00f1os, c\u00f3digos, software, fotograf\u00edas, m\u00fasica, v\u00eddeos, sonidos, bases de datos, im\u00e1genes, expresiones e informaciones, as\u00ed como cualquier otra creaci\u00f3n protegida por las leyes nacionales y los tratados internacionales sobre propiedad intelectual e industrial) en el dominio <a href=\"http:\/\/www.analisisbioenergetico.org\"><span class=\"s1\">www.analisisbioenergetico.org<\/span><\/a><span class=\"s2\">.<\/span><\/p>\n<p class=\"p3\">El acceso a los contenidos del Sitio Web es completamente gratuito, sin perjuicio de que pueden existir apartados o servicios particulares que requieran para su uso y disfrute el abono de alguna cantidad econ\u00f3mica, de lo cual en todo caso se informar\u00e1 debidamente al usuario, que requerir\u00e1 conformidad expresa del usuario para ello.<\/p>\n<p class=\"p3\">El uso de ciertos servicios por medio del portal, no obstante, puede requerir la cumplimentaci\u00f3n de formularios adicionales cuyas condiciones y privacidad se expondr\u00e1n expresamente.<\/p>\n<p class=\"p3\">El acceso a los recursos puede suponer la creaci\u00f3n de una cuenta en la base de datos de la web.<\/p>\n<p class=\"p3\">El uso de esta cuenta dar\u00eda acceso a diversas plataformas vinculadas al titular en las que seguir sus condiciones de uso.<\/p>\n<p class=\"p3\">Para poder acceder, el usuario deber\u00e1 facilitar determinada informaci\u00f3n correcta y completa. El usuario deber\u00e1 notificar a los titulares inmediatamente cualquier incumplimiento de las normas de seguridad o cualquier uso no autorizado del que tenga conocimiento.<\/p>\n<p class=\"p3\">El titular no se hace responsable de las consecuencias que tenga ofrecer informaci\u00f3n incorrecta a sabiendas por parte del usuario una vez haga uso de los contenidos y servicios que contiene el Sitio Web, ya sean gratuitos u onerosos.<\/p>\n<p class=\"p3\"><b>DERECHOS DE PROPIEDAD INTELECTUAL E INDUSTRIAL<\/b><\/p>\n<p class=\"p3\">La licencia concedida por los usuarios a Euskal Herriko Analisi Bioenergitkoko Elkartea<span class=\"Apple-converted-space\">\u00a0 <\/span>no es exclusiva, ni es ilimitada en el tiempo puesto que solo tendr\u00e1 validez mientras no se elimine el contenido publicado, puede ser objeto de sub-licencia a los solos efectos de autorizar la inserci\u00f3n de los contenidos en p\u00e1ginas web de otros usuarios y es v\u00e1lida para todo el mundo, siempre respetando el ordenamiento jur\u00eddico vigente en cada Estado. La anterior licencia quedar\u00e1 cancelada una vez que el usuario elimine el contenido, procediendo a la eliminaci\u00f3n de las licencias existentes sobre el contenido.<\/p>\n<p class=\"p3\">Los usuarios no podr\u00e1n copiar, modificar, traducir, publicar, emitir, transmitir, distribuir, mostrar ni vender los contenidos que no le pertenezcan o sobre los que no tenga derechos de propiedad intelectual, industrial, de imagen o cualquier otro derecho, salvo que se realice con autorizaci\u00f3n expresa de Euskal Herriko Analisi Bioenergitkoko Elkartea<span class=\"Apple-converted-space\">\u00a0 <\/span>y\/o se proceda a citar textualmente la fuente de la que se ha obtenido el contenido. En caso de que un usuario infrinja derechos de propiedad intelectual, industrial, derechos de imagen o cualquier otro derecho de terceros, ser\u00e1 notificado por Euskal Herriko Analisi Bioenergitkoko Elkartea en el momento en el que se tengan conocimiento de tales infracciones para que cese en la publicaci\u00f3n de los contenidos afectados por tal infracci\u00f3n, reserv\u00e1ndose el derecho a emprender las acciones legales que correspondan si el usuario no atiende al requerimiento.<\/p>\n<p class=\"p3\">Euskal Herriko Analisi Bioenergitkoko Elkartea no es titular de ning\u00fan derecho de propiedad sobre los contenidos publicados en otras p\u00e1ginas web, por lo que queda plenamente exonerada de responsabilidad por los mismos.<\/p>\n<p class=\"p3\">El usuario mantendr\u00e1 indemne a Euskal Herriko Analisi Bioenergitkoko Elkartea frente a cualquier reclamaci\u00f3n de tercero sobre derechos de propiedad intelectual, industrial, derechos de imagen y\/o cualquier otro derecho sobre los contenidos publicados por aqu\u00e9l en otros lugares no autorizados expresamente por Euskal Herriko Analisi Bioenergitkoko Elkartea.<\/p>\n<p class=\"p3\">Si cualquier persona o entidad considera que sus contenidos han sido copiados y publicados en el portal de una manera que constituye una violaci\u00f3n de sus derechos de propiedad intelectual, industrial y\/o derechos al honor, a la intimidad o a la imagen o cualquier otro derecho, podr\u00e1 comunicarlo al moderador, por cualquiera de las v\u00edas de contacto que figuran en el portal, con el asunto \u201cVulneraci\u00f3n de derechos\u201d y acompa\u00f1ada de toda la informaci\u00f3n relevante as\u00ed como un documento que acredite su identidad.<\/p>\n<p class=\"p3\">Si cualquier persona considera que los contenidos publicados vulneran sus derechos, deber\u00e1 ponerse en contacto con Euskal Herriko Analisi Bioenergitkoko Elkartea y solicitar la retirada de los mismos. El titular atender\u00e1 tal petici\u00f3n y proceder\u00e1 a la cancelaci\u00f3n de los contenidos si as\u00ed ha de hacerse.<\/p>\n<p class=\"p3\">Asimismo, las referencias a marcas o nombres comerciales registrados, u otros signos distintivos, ya sean titularidad de los titulares o de terceras empresas, llevan impl\u00edcita la prohibici\u00f3n sobre su uso sin el consentimiento del titular o de sus leg\u00edtimos titulares. En ning\u00fan momento, salvo manifestaci\u00f3n expresa en contrario, el acceso, navegaci\u00f3n o utilizaci\u00f3n del Sitio Web y\/o de sus contenidos confiere al usuario derecho alguno sobre signos distintivos en \u00e9l incluidos.<\/p>\n<p class=\"p3\"><b>ENLACES A OTRAS P\u00c1GINAS WEB<\/b><\/p>\n<p class=\"p3\">Los servicios podr\u00e1n incluir hiperv\u00ednculos o enlaces a otros sitios web que no son propiedad de Euskal Herriko Analisi Bioenergitkoko Elkartea ni est\u00e1n controlados por el mismo.<\/p>\n<p class=\"p3\">Euskal Herriko Analisi Bioenergitkoko Elkartea no controla los contenidos, las pol\u00edticas de privacidad o las pr\u00e1cticas de los sitios web de terceros ni asumen responsabilidad alguna por estos. Por lo tanto, el usuario deber\u00e1 acudir a las condiciones de dichas p\u00e1ginas, incluyendo las de redes sociales en las cuales aparezca <a href=\"http:\/\/www.analisisbioenergetico.org\"><span class=\"s1\">www.analisisbioenergetico.org<\/span><\/a>.<\/p>\n<p class=\"p3\">El usuario reconoce y acepta que Euskal Herriko Analisi Bioenergitkoko Elkartea no ser\u00e1 responsable de las p\u00e9rdidas o da\u00f1os en que el usuario pueda incurrir a consecuencia de la disponibilidad de los mencionados sitios web o recursos externos.<\/p>\n<p class=\"p3\">De otro lado, el usuario que quiera introducir enlaces al website desde sus propios sitios web estar\u00e1 obligado a cumplir las condiciones siguientes, salvo que Euskal Herriko Analisi Bioenergitkoko Elkartea le autorice expresamente a lo contrario:<\/p>\n<ul class=\"ul1\">\n<li class=\"li3\">No cabe la reproducci\u00f3n de la p\u00e1gina.<\/li>\n<li class=\"li3\">Solo cabr\u00e1 el enlace de contenidos a Sitios Web que no contenga ideolog\u00eda contraria a la ley, la moral o el orden p\u00fablico, as\u00ed como mantengan una postura contraria a las ideas de Euskal Herriko Analisi Bioenergitkoko Elkartea<span class=\"s4\">.<\/span><\/li>\n<li class=\"li3\">No cabe la reproducci\u00f3n de contenidos en Sitios Web que induzcan a error o confusi\u00f3n al usuario respecto a la procedencia de la informaci\u00f3n, as\u00ed como sobre las marcas o signos distintivos de <a href=\"http:\/\/www.analisisbioenergetico.org\"><span class=\"s1\">www.analisisbioenergetico.org<\/span><\/a><span class=\"s2\">.<\/span><\/li>\n<\/ul>\n<p class=\"p3\"><b>ENLACES A DIVERSOS CANALES<\/b><\/p>\n<p class=\"p3\">En ning\u00fan caso el titular comparte con Facebook, Twitter o cualquier otra red social que se incorpore en el futuro ning\u00fan tipo de informaci\u00f3n privada sobre sus usuarios, siendo su \u00fanica finalidad la establecida en las presentes Condiciones Generales de Uso, as\u00ed como en la Pol\u00edtica de Privacidad del Sitio Web. En este sentido, toda la informaci\u00f3n que el propio usuario desee proporcionar a estas plataformas ser\u00e1 bajo su propia responsabilidad, no interviniendo el titular en dicho proceso.<\/p>\n<p class=\"p3\"><b>CONDICIONES GENERALES DE USO DE PERFILES SOCIALES<\/b><\/p>\n<p class=\"p3\">Con las presentes Condiciones Generales de Uso, el titular pretende que todos los usuarios finales conozcan cu\u00e1les son sus derechos y obligaciones desde el momento en que visitan sus perfiles sociales en Facebook, Twitter, y\/o en cualquier red social an\u00e1loga.<\/p>\n<p class=\"p3\">Del mismo modo, el titular informa a los usuarios sobre sus derechos y obligaciones en relaci\u00f3n con los contenidos expuestos a trav\u00e9s de sus perfiles sociales, logotipos y marcas utilizadas, as\u00ed como las responsabilidades que pueden derivarse del uso del servicio.<\/p>\n<p class=\"p3\">El titular no se compromete a informar a los usuarios cuando sus comentarios y publicaciones sean objeto de edici\u00f3n y\/o moderaci\u00f3n; sin embargo, podr\u00e1n advertir y tomar las medidas oportunas para suspender y expulsar a los usuarios que env\u00eden contenido inapropiado de forma reiterada. Aquellos usuarios que lleven a cabo las mencionadas conductas en m\u00e1s de una ocasi\u00f3n, habiendo sido suspendidos o expulsados del servicio con anterioridad se les podr\u00e1 impedir el uso del perfil social con car\u00e1cter indefinido, as\u00ed como la imposibilidad de acceder al Sitio Web.<\/p>\n<p class=\"p3\">As\u00ed mismo, Euskal Herriko Analisi Bioenergitkoko Elkartea no garantiza la veracidad, fiabilidad, vigencia o integridad del contenido de terceros que contiene su perfil social o cualquier sitio enlazado. Euskal Herriko Analisi Bioenergitkoko Elkartea no es responsable del contenido de los sitios web no operados por <a href=\"http:\/\/www.analisisbioenergetico.org\"><span class=\"s1\">www.analisisbioenergetico.org<\/span><\/a><span class=\"s2\">.<\/span><\/p>\n<p class=\"p3\">La informaci\u00f3n proporcionada a trav\u00e9s del perfil de Euskal Herriko Analisi Bioenergitkoko Elkartea en las redes sociales no se puede identificar al asesoramiento profesional prestado por parte de <a href=\"http:\/\/www.analisisbioenergetico.org\"><span class=\"s1\">www.analisisbioenergetico.org<\/span><\/a><span class=\"s2\">.<\/span><\/p>\n<p class=\"p3\">Los usuarios deber\u00e1n recabar asesoramiento profesional apropiado en relaci\u00f3n con sus circunstancias y consultas concretas, para as\u00ed lograr la m\u00e1xima eficacia de las medidas adoptadas, consultando con los profesionales que componen la p\u00e1gina.<\/p>\n<p class=\"p3\">El usuario, una vez comience a seguir el perfil social del website, a trav\u00e9s de cualesquiera canales en los que se encuentre inmerso, podr\u00e1 publicar comentarios, enlaces, im\u00e1genes o fotograf\u00edas o cualquier otro tipo de contenido, seg\u00fan las condiciones de la propia red social. El usuario, en todos los casos, debe ser el titular de los mismos, gozar de los derechos de explotaci\u00f3n de propiedad intelectual o contar con el consentimiento de los terceros afectados. El titular no tendr\u00e1 responsabilidad alguna si no respeta lo contenido en este p\u00e1rrafo.<\/p>\n<p class=\"p3\">El usuario que decida compartir contenidos en el perfil social del website, debe ser consciente que sus publicaciones ser\u00e1n accesibles y por tanto conocidas por los otros usuarios, por lo que \u00e9l mismo ser\u00e1 el \u00fanico responsable de los mismos, as\u00ed como de las implicaciones que esto pudiera tener para su privacidad.<\/p>\n<p class=\"p3\">Se proh\u00edbe expresamente cualquier publicaci\u00f3n en el perfil social del website que vulnera la ley, la moral o el orden p\u00fablico, tanto a nivel de contenido como de derechos de autor o imagen, En estos casos Euskal Herriko Analisi Bioenergitkoko Elkartea se reserva el derecho a retirar el contenido, pudiendo solicitar el bloqueo permanente del usuario que llev\u00f3 a cabo la publicaci\u00f3n de los mismos.<\/p>\n<p class=\"p3\">El ttular podr\u00e1 usar sus perfiles en las redes sociales para publicitar sus propios productos y servicios. En todo caso, si decidiera tratar sus datos de contacto (perfil de usuario de la red social y\/o correo electr\u00f3nico) para realizar acciones directas de prospecci\u00f3n comercial, ser\u00e1 siempre, cumpliendo con las exigencias legales de la LOPDGDD y de la LSSI-CE.<\/p>\n<p class=\"p3\">No tendr\u00e1 consideraci\u00f3n de publicidad el hecho de recomendar a otros usuarios los perfiles sociales del website para que tambi\u00e9n ellos puedan estar informados de su actividad.<\/p>\n<p class=\"p3\">El titular no autoriza el establecimiento de un enlace al Sitio Web desde aquellas p\u00e1ginas que contengan materiales, que contravengan las leyes, la moral o el orden p\u00fablico.<\/p>\n<p class=\"p3\">Todo lo anterior ser\u00e1 aplicable a las p\u00e1ginas Web en las que aparezca contenido del website autorizado por los titulares del mismo, como plataformas de reproducci\u00f3n del programa.<\/p>\n<p class=\"p3\"><b>REGLAS DE USO<\/b><\/p>\n<p class=\"p3\">No est\u00e1 permitido y, por tanto, sus consecuencias ser\u00e1n de la exclusiva responsabilidad del usuario, el acceso o la utilizaci\u00f3n del Sitio Web con fines ilegales o no autorizados, con o sin finalidad econ\u00f3mica. \u00a0El incumplimiento de estas obligaciones por el usuario podr\u00e1 llevar aparejada la adopci\u00f3n por los titulares de las medidas oportunas amparadas en Derecho y en el ejercicio de sus derechos u obligaciones, pudiendo llegar a la eliminaci\u00f3n o bloqueo de la cuenta del usuario infractor. Si el usuario persiste en su actitud, los titulares se reservan el derecho de emprender las medidas legales necesarias.<\/p>\n<p class=\"p3\">Adem\u00e1s, informamos que cuando el usuario participe en cualquiera de estas zonas, el resto de usuarios del Sitio Web podr\u00e1 acceder y utilizar todos los contenidos publicados por el usuario. Los titulares no pueden controlar qu\u00e9 uso realizar\u00e1n otras personas de esos contenidos y, por tanto, el titular no se hace responsable de ello. Por ello, resulta aconsejable no publicar datos que comprometan la seguridad e intimidad del usuario.<\/p>\n<p class=\"p3\">Con el fin de que el Sitio Web sea un entorno seguro, y para proteger a nuestros usuarios, queda terminantemente prohibido publicar contenidos contrarios a la ley, la moral y el orden p\u00fablico.<\/p>\n<p class=\"p3\">El hecho de haberse suscrito al Sitio Web y pagar por disfrutar de ciertos contenidos previamente anunciados al usuario no le concede ning\u00fan derecho a infringir las presentes condiciones de uso ni las que espec\u00edficamente se provean para otros contenidos. En el caso de hacerlo, el titular se reserva el derecho de anular la suscripci\u00f3n del usuario sin posibilidad de reintegro de cantidad alguna por la infracci\u00f3n de las normas.<\/p>\n<p class=\"p3\"><b>CONTENIDO PUBLICADO<\/b><\/p>\n<p class=\"p3\">El titular se reserva el derecho de revisar con anterioridad a su publicaci\u00f3n, as\u00ed como tras la misma, el contenido que los usuarios pretendan publicar en el Sitio Web, sin que se asuma responsabilidad alguna por dicha labor de revisi\u00f3n o moderaci\u00f3n. El titular no asume responsabilidad alguna por el contenido de usuario finalmente publicado, ni por la conducta del usuario respecto del contenido que publique, como tampoco viene obligada a modificar o eliminar el contenido de usuario inapropiado.<\/p>\n<p class=\"p3\">El usuario es el \u00fanico responsable del contenido de usuario que publique en el portal y de cualquier material o informaci\u00f3n que transmita a trav\u00e9s del mismo. Tambi\u00e9n ser\u00e1 responsable del contacto que mantenga con otros usuarios, en su caso. Asimismo, el usuario es el \u00fanico responsable de asegurar que todo el contenido de usuario que publique en el portal y cualquier material o informaci\u00f3n que transmita a otros usuarios a trav\u00e9s del mismo observe todas las leyes en materia de protecci\u00f3n de datos de car\u00e1cter personal aplicables; incluyendo la obtenci\u00f3n de consentimiento expreso cuando as\u00ed lo requiera la LOPDGDD. Todo ello sin perjuicio del control l\u00f3gico que el titular tiene sobre el contenido publicado, que no abarcar\u00e1, en ning\u00fan caso, todo tipo de cuestiones que el mismo no tenga oportunidad de conocer, siempre respetando la libertad de expresi\u00f3n que reconoce la Constituci\u00f3n Espa\u00f1ola.<\/p>\n<p class=\"p3\">Los usuarios no podr\u00e1n, salvo lo dispuesto en las presentes condiciones generales de uso, copiar, modificar, traducir, publicar, emitir, transmitir, distribuir, mostrar ni vender los contenidos que no le pertenezcan o sobre los que no tenga derechos de propiedad intelectual, industrial, de imagen o cualquier otro derecho, sin el previo consentimiento por escrito de esta o de los licenciantes de Euskal Herriko Analisi Bioenergitkoko Elkartea<span class=\"s4\">.<\/span><\/p>\n<p class=\"p3\">El titular se reserva todos los derechos que no hayan sido expresamente otorgados con respecto a sus contenidos.<\/p>\n<p class=\"p3\">Euskal Herriko Analisi Bioenergitkoko Elkartea es el propietario de los derechos de propiedad intelectual e industrial de los contenidos publicados en el Sitio Web que no provengan de usuarios externos, sin perjuicio de los acuerdos internos que tenga con los autores de las distintas publicaciones.<\/p>\n<p class=\"p3\">Si alg\u00fan usuario pretende publicar cualquier tipo de contenido en concepto de autor, deber\u00e1 comunicarlo al titular, que se reserva el derecho de aprobar o no su publicaci\u00f3n, quedando exonerado de cualquier tipo de responsabilidad por infracci\u00f3n de normas de derecho de autor si finalmente se decide a hacerlo.<\/p>\n<p class=\"p3\"><b>RESPONSABILIDADES<\/b><\/p>\n<p class=\"p3\">El titular no puede garantizar la fiabilidad, utilidad o veracidad de absolutamente toda la informaci\u00f3n y\/o de los servicios del Sitio Web, ni tampoco de la utilidad o veracidad de la documentaci\u00f3n puesta a disposici\u00f3n a trav\u00e9s del mismo.<\/p>\n<p class=\"p3\">En consecuencia, el titular no garantiza ni se hace responsable de: La continuidad de los contenidos del Sitio Web y cuestiones de vulnerabilidad de la p\u00e1gina, a pesar de que el titular declara que ha adoptado todas las medidas necesarias, dentro de sus posibilidades, para garantizar el funcionamiento del Sitio Web y reducir al m\u00ednimo los errores del sistema, tanto desde el punto de vista t\u00e9cnico como de los contenidos publicados en el Sitio Web.<\/p>\n<p class=\"p3\">El titular no garantiza la licitud, fiabilidad y utilidad de los contenidos suministrados por terceros a trav\u00e9s del Sitio Web. Si el usuario tuviera conocimiento de la existencia de alg\u00fan contenido il\u00edcito, ilegal, contrario a las leyes o que pudiera suponer una infracci\u00f3n de derechos de terceros, deber\u00e1 notificarlo inmediatamente al titular para que este pueda proceder a la adopci\u00f3n de las medidas oportunas.<\/p>\n<p class=\"p3\">El titular no ser\u00e1 responsable de la veracidad, integridad o actualizaci\u00f3n de las informaciones publicadas en el Sitio Web provenientes de fuentes ajenas al mismo, as\u00ed como tampoco de las contenidas en otras plataformas a las que se enlace desde el Sitio Web. Tampoco quedan obligados al conocimiento de toda menci\u00f3n que aparezca del website en Internet. El titular no asumir\u00e1 responsabilidades en cuanto a hipot\u00e9ticos perjuicios que pudieran originarse por estas fuentes.<\/p>\n<p class=\"p3\"><b>CONFIDENCIALIDAD Y PROTECCI\u00d3N DE DATOS<\/b><\/p>\n<p class=\"p7\"><a href=\"http:\/\/www.analisisbioenergetico.org\/politica-privacidad\/\"><b>Pol\u00edtica de privacidad<\/b><\/a><\/p>\n<p class=\"p3\"><b>MODIFICACIONES DE LAS CONDICIONES GENERALES DE USO<\/b><\/p>\n<p class=\"p3\">La web se reserva el derecho de efectuar sin previo aviso las modificaciones que considere oportunas en el portal y en el aviso legal, pudiendo cambiar, suprimir o a\u00f1adir tanto los contenidos y servicios que se presten a trav\u00e9s de la misma como la forma en la que \u00e9stos aparezcan presentados.<\/p>\n<p class=\"p3\"><b>DERECHO DE EXCLUSI\u00d3N<\/b><\/p>\n<p class=\"p3\">El propietario se reserva el derecho a denegar o retirar el acceso a portal y\/o los servicios ofrecidos sin necesidad de preaviso, a instancia propia o de un tercero, a aquellos usuarios que incumplan las presentes Condiciones Generales de Uso.<\/p>\n<p class=\"p3\"><b>LEGISLACI\u00d3N APLICABLE Y JURISDICCI\u00d3N<\/b><\/p>\n<p class=\"p3\">La relaci\u00f3n entre el website y el usuario se regir\u00e1 por la normativa espa\u00f1ola vigente y cualquier controversia se someter\u00e1 a los juzgados y tribunales de Gipuzkoa.<\/p>\n<\/div><\/div>","protected":false},"excerpt":{"rendered":"<p>AVISO LEGAL INFORMACI\u00d3N IDENTIFICATIVA La p\u00e1gina web www.analisisbioenergetico.org (en adelante, el \u201cwebsite\u201d) es un espacio web que difunde la\u00a0divulgaci\u00f3n, la formaci\u00f3n, y&hellip;<\/p>\n","protected":false},"author":3,"featured_media":0,"parent":0,"menu_order":0,"comment_status":"closed","ping_status":"closed","template":"","meta":{"footnotes":""},"class_list":["post-2705","page","type-page","status-publish","hentry"],"_links":{"self":[{"href":"https:\/\/analisisbioenergetico.org\/EU\/wp-json\/wp\/v2\/pages\/2705","targetHints":{"allow":["GET"]}}],"collection":[{"href":"https:\/\/analisisbioenergetico.org\/EU\/wp-json\/wp\/v2\/pages"}],"about":[{"href":"https:\/\/analisisbioenergetico.org\/EU\/wp-json\/wp\/v2\/types\/page"}],"author":[{"embeddable":true,"href":"https:\/\/analisisbioenergetico.org\/EU\/wp-json\/wp\/v2\/users\/3"}],"replies":[{"embeddable":true,"href":"https:\/\/analisisbioenergetico.org\/EU\/wp-json\/wp\/v2\/comments?post=2705"}],"version-history":[{"count":4,"href":"https:\/\/analisisbioenergetico.org\/EU\/wp-json\/wp\/v2\/pages\/2705\/revisions"}],"predecessor-version":[{"id":2715,"href":"https:\/\/analisisbioenergetico.org\/EU\/wp-json\/wp\/v2\/pages\/2705\/revisions\/2715"}],"wp:attachment":[{"href":"https:\/\/analisisbioenergetico.org\/EU\/wp-json\/wp\/v2\/media?parent=2705"}],"curies":[{"name":"wp","href":"https:\/\/api.w.org\/{rel}","templated":true}]}}