{"id":2709,"date":"2020-07-20T11:33:06","date_gmt":"2020-07-20T11:33:06","guid":{"rendered":"http:\/\/www.analisisbioenergetico.org\/?page_id=2709"},"modified":"2020-07-22T06:52:04","modified_gmt":"2020-07-22T06:52:04","slug":"politica-de-privacidad","status":"publish","type":"page","link":"https:\/\/analisisbioenergetico.org\/EU\/politica-privacidad\/","title":{"rendered":"Pol\u00edtica de privacidad"},"content":{"rendered":"<div class=\"l-subsection\"><div class=\"l-subsection-h g-html i-cf\"><p class=\"p1\"><b>POL\u00cdTICA DE PRIVACIDAD<\/b><\/p>\n<p class=\"p3\">Euskal Herriko Analisi Bioenergitkoko Elkartea (desde ahora, EL TITULAR o LA ASOCIACI\u00d3N), es el responsable de tratamiento de datos personales y titular del website <a href=\"http:\/\/www.analisisbioenergetico.org\"><span class=\"s1\">www.analisisbioenergetico.org<\/span><\/a> (desde ahora, \u201cel website\u201d).<\/p>\n<p class=\"p3\">El titular garantiza la protecci\u00f3n de todos los datos de car\u00e1cter personal que proporcione el usuario en el website.<\/p>\n<p class=\"p3\">A tenor de lo establecido en el p\u00e1rrafo anterior, se le informa de que:<\/p>\n<p class=\"p3\">En cumplimiento de lo establecido la Ley Org\u00e1nica 3\/2018, de 5 de diciembre, de Protecci\u00f3n de Datos Personales y Garant\u00eda de los Derechos Digitales, as\u00ed como con la actual legislaci\u00f3n vigente en materia de protecci\u00f3n de datos recogida en el Reglamento (UE) 2016\/679 del Parlamento Europeo y del Consejo, le informamos que mediante la cumplimentaci\u00f3n del presente formulario est\u00e1 dando el consentimiento expreso,<span class=\"Apple-converted-space\">\u00a0 <\/span>as\u00ed como de todos los datos de car\u00e1cter personal que proporcione el usuario en el website, a que \u00e9stos queden incorporados y sean tratados en un registro de actividades de tratamiento de datos personales al efecto y mantenido bajo la responsabilidad del titular.<\/p>\n<p class=\"p3\">Para los clientes, el tratamiento de sus datos personales responde a la legitimaci\u00f3n derivada de la ejecuci\u00f3n del contrato.<\/p>\n<p class=\"p3\"><b>IDENTIDAD DEL RESPONSABLE DE TRATAMIENTO DE SUS DATOS PERSONALES<\/b><\/p>\n<p class=\"p3\"><b>Identidad del titular:<\/b> Euskal Herriko Analisi Bioenergitkoko Elkartea<\/p>\n<p class=\"p4\"><b>CIF:<\/b> G20581963<\/p>\n<p class=\"p4\"><b>Direcci\u00f3n:<\/b> Paseo de Mund\u00e1iz 8, 2\u00ba F. C.P.: 20012 Donostia (Gipuzkoa)<\/p>\n<p class=\"p3\"><b>Correo electr\u00f3nico:<\/b> <a href=\"http:\/\/secretaria@ehabe.org\"><span class=\"s1\">secretaria@ehabe.org<\/span><\/a><\/p>\n<p class=\"p3\"><b>FINALIDADES Y TIEMPO DE CONSERVACI\u00d3N DE DATOS PERSONALES<\/b><\/p>\n<ul class=\"ul1\">\n<li class=\"li3\"><b>Atender, gestionar y resolver las consultas<\/b> (formulario de contacto). El tiempo de conservaci\u00f3n ser\u00e1 mientras dure el tratamiento para la gesti\u00f3n de las consultas.<\/li>\n<li class=\"li3\"><b>Relaci\u00f3n comercial con el cliente<\/b>. El tiempo de conservaci\u00f3n ser\u00e1 el necesario para el tratamiento. Contratos y facturas cinco y diez a\u00f1os, respectivamente.<\/li>\n<li class=\"li3\">Mediante el formulario de contacto se procede a la <b>recogida y tratamiento automatizado de los datos personales como consecuencia de la consulta al propietario del website<\/b>. El tiempo de conservaci\u00f3n ser\u00e1 mientras dure el tratamiento, salvo que el usuario ejerza sus derechos de cancelaci\u00f3n antes.<\/li>\n<li class=\"li3\"><b>Recogida y tratamiento automatizado de los datos personales<\/b>, como consecuencia de la navegaci\u00f3n por las p\u00e1ginas del website (puede ver m\u00e1s abajo la pol\u00edtica de cookies).<\/li>\n<\/ul>\n<p class=\"p3\"><b>Del mismo modo, fuera del website, recogemos datos con las siguientes finalidades:<\/b><\/p>\n<ul class=\"ul1\">\n<li class=\"li3\">Mantenimiento de la relaci\u00f3n de profesionales de la psicoterapia asociados a LA ASOCIACI\u00d3N.<\/li>\n<li class=\"li3\">Gestionar y tramitar las solicitudes de asociados de LA ASOCIACI\u00d3N.<\/li>\n<li class=\"li3\">Llevar a cabo la organizaci\u00f3n de actividades y eventos organizados por LA ASOCIACI\u00d3N.<\/li>\n<li class=\"li3\">Gestionar la inscripci\u00f3n de asistentes a las actividades y eventos organizados por LA ASOCIACI\u00d3N.<\/li>\n<li class=\"li3\">Organizar los cursos de formaci\u00f3n de LA ASOCIACI\u00d3N.<\/li>\n<li class=\"li3\">Tramitar las inscripciones a los cursos de formaci\u00f3n de la ASOCIACI\u00d3N.<\/li>\n<\/ul>\n<p class=\"p3\">En estos supuestos, la conservaci\u00f3n de los datos <span class=\"s3\">conservamos sus datos durante la prestaci\u00f3n de la asistencia o servicio requeridos, respetando en todo caso los plazos legales de conservaci\u00f3n que exige la legislaci\u00f3n sanitaria aplicable.<\/span><\/p>\n<p class=\"p3\"><b>LEGITIMACI\u00d3N PARA EL TRATAMIENTO DE DATOS PERSONALES<\/b><\/p>\n<p class=\"p3\">El tratamiento de datos personales que llevan a cabo los titulares, a trav\u00e9s de su website, tiene como base legal <b>el consentimiento<\/b>. Dicho consentimiento del interesado es <b>expreso, libre, espec\u00edfico, informado e inequ\u00edvoco<\/b>.<\/p>\n<p class=\"p5\">En lo que respecta a los clientes tratamiento de sus datos personales responde a la legitimaci\u00f3n derivada de la ejecuci\u00f3n del contrato.<\/p>\n<p class=\"p5\">Del mismo modo, fuera del website, tratamiento es necesario con fines de medicina preventiva, diagn\u00f3stico m\u00e9dico, prestaci\u00f3n de asistencia o tratamiento de tipo sanitario o en el marco de un contrato con un profesional sanitario sujeto al deber de secreto profesional (art. 9.2.h) y 9.3 del RGPD).<\/p>\n<p class=\"p3\">En la recogida y el tratamiento de los datos de car\u00e1cter personal se han adoptado las medidas de seguridad adecuadas para evitar la p\u00e9rdida, el acceso no autorizado o la manipulaci\u00f3n de los mismos, de acuerdo con lo establecido en la legislaci\u00f3n anteriormente mencionada.<\/p>\n<p class=\"p3\">Los titulares\u00a0se comprometen a proteger la informaci\u00f3n confidencial a la que tenga acceso.<\/p>\n<p class=\"p3\"><b>DESTINATARIOS<\/b><\/p>\n<p class=\"p3\"><b>Los titulares se comprometen a que, estos datos personales no ser\u00e1n compartidos o cedidos a terceros sin el consentimiento expreso de los usuarios<\/b>.<span class=\"Apple-converted-space\">\u00a0 <\/span>La prestaci\u00f3n de ciertos servicios, no obstante, puede requerir de transferencias de datos a terceros pa\u00edses o entidades para la gesti\u00f3n de infraestructuras o la provisi\u00f3n de servicios, como, por ejemplo, la gesti\u00f3n de los boletines electr\u00f3nicos. En estos casos, se garantiza su alojamiento en pa\u00edses de la Uni\u00f3n Europea (y por tanto el cumplimiento del Reglamento General de Protecci\u00f3n de Datos europeo) o que est\u00e9n acogidos al acuerdo EU-US Privacy Shield, aprobado por el Comit\u00e9 Europeo de Protecci\u00f3n de Datos (consulta la informaci\u00f3n aqu\u00ed: <a href=\"https:\/\/www.privacyshield.gov\/list\"><span class=\"s1\">https:\/\/www.privacyshield.gov\/list<\/span><\/a>).<\/p>\n<p class=\"p3\"><b>En ning\u00fan caso la transferencia de esos datos implicar\u00e1 un uso que exceda el consentimiento expresado a los fines y condiciones presentes en esta pol\u00edtica de privacidad<\/b>.<\/p>\n<ol class=\"ol1\">\n<li class=\"li3\">En caso de facilitarnos datos de car\u00e1cter personal de otras personas sin indicar este hecho al titular, lo hace con su consentimiento expreso y habiendo sido informado, con car\u00e1cter previo, de los extremos contenidos en esta cl\u00e1usula. Del mismo modo, rogamos nos comunique cualquier variaci\u00f3n que pueda darse en los datos facilitados.<\/li>\n<\/ol>\n<p class=\"p6\">Los titulares no se hacen responsables de la cesi\u00f3n de datos de terceros que no hayan prestado su consentimiento ni tengan conocimiento de los contenidos de la presente cl\u00e1usula, siendo responsabilidad de la persona que cede dichos datos al titular del website.<\/p>\n<ol class=\"ol1\">\n<li class=\"li3\">En caso de no facilitar los datos requeridos, los servicios de la p\u00e1gina web podr\u00edan no estar disponibles en su totalidad. Por ejemplo, de no facilitar los datos requeridos en el formulario de contacto, no se podr\u00edan llevar a cabo de forma satisfactoria los servicios solicitados. La negaci\u00f3n a aceptar la pol\u00edtica de cookies podr\u00eda suponer la p\u00e9rdida de funcionalidades de la p\u00e1gina web.<\/li>\n<\/ol>\n<ol class=\"ol1\">\n<li class=\"li3\">El usuario certifica que es mayor de 14 a\u00f1os y que por lo tanto posee la capacidad legal necesaria para la prestaci\u00f3n del consentimiento en cuenta al tratamiento de sus datos de car\u00e1cter personal y todo ello, de conformidad con lo establecido en la presente Pol\u00edtica de Privacidad.<\/li>\n<\/ol>\n<ol class=\"ol1\">\n<li class=\"li3\">El usuario cuenta, en todo momento, con la posibilidad de ejercitar los <span class=\"s4\">Derechos ARCO-POL<\/span> sobre sus datos personales enviando comunicaci\u00f3n dirigida a los propietarios del website a la direcci\u00f3n de correo electr\u00f3nico <a href=\"http:\/\/secretaria@ehabe.org\"><span class=\"s1\">secretaria@ehabe.org<\/span><\/a>.<\/li>\n<\/ol>\n<ol class=\"ol1\">\n<li class=\"li3\">El interesado tiene derecho a recibir los datos personales que le conciernen, que haya facilitado a un responsable del tratamiento, en un formato estructurado, de uso com\u00fan y legible por m\u00e1quina y tiene derecho a transmitir dichos datos a otro responsable del tratamiento sin impedimentos del responsable del tratamiento al que haya facilitado los datos.<\/li>\n<\/ol>\n<ol class=\"ol1\">\n<li class=\"li3\">En determinadas circunstancias, los interesados podr\u00e1n solicitar la limitaci\u00f3n del tratamiento de sus datos, en cuyo caso \u00fanicamente los conservaremos para el ejercicio o la defensa de reclamaciones.<\/li>\n<\/ol>\n<ol class=\"ol1\">\n<li class=\"li3\">En el caso de que se haya otorgado el consentimiento para alguna finalidad espec\u00edfica, tiene derecho a retirar el consentimiento en cualquier momento, sin que ello afecte a la licitud del tratamiento basado en el consentimiento previo a su retirada.<\/li>\n<\/ol>\n<ol class=\"ol1\">\n<li class=\"li3\">Los interesados pueden presentar una reclamaci\u00f3n ante la Autoridad de Control en materia de Protecci\u00f3n de Datos competente cuando no hayan obtenido satisfacci\u00f3n en el ejercicio de sus derechos.<\/li>\n<\/ol>\n<ol class=\"ol1\">\n<li class=\"li3\">El consentimiento expreso manifestado al rellenar el formulario de contacto, comprende tambi\u00e9n lo siguiente:<\/li>\n<\/ol>\n<ul class=\"ul1\">\n<li class=\"li3\">Los titulares se reservan el derecho a subcontratar a empleados para la prestaci\u00f3n de servicios de diversa \u00edndole en el para el conveniente desarrollo y organizaci\u00f3n de la actividad del website.<\/li>\n<\/ul>\n<ul class=\"ul1\">\n<li class=\"li3\">Del mismo modo, se reservan el derecho a contratar a terceros para el tratamiento y gesti\u00f3n de las cuestiones de \u00e1mbito legislativo en general y, de lo relativo a protecci\u00f3n de datos en concreto. En todos estos casos, los titulares, obligar\u00e1n a la empresa contratada y\/o profesional particular y a los encargados de la gesti\u00f3n del tratamiento de los datos personales cedidos, a firmar un documento de confidencialidad de datos personales para asegurar la privacidad de esta informaci\u00f3n.<\/li>\n<\/ul>\n<ul class=\"ul1\">\n<li class=\"li3\">El usuario consiente en que se cedan sus datos personales cuando as\u00ed sea requerido por las Autoridades administrativas competentes o por mandato judicial.<\/li>\n<\/ul>\n<ol class=\"ol1\">\n<li class=\"li3\">El usuario autoriza al tratamiento de los datos personales cedidos a los tiulares en los t\u00e9rminos establecidos en la presente cl\u00e1usula.<\/li>\n<\/ol>\n<\/div><\/div>","protected":false},"excerpt":{"rendered":"<p>POL\u00cdTICA DE PRIVACIDAD Euskal Herriko Analisi Bioenergitkoko Elkartea (desde ahora, EL TITULAR o LA ASOCIACI\u00d3N), es el responsable de tratamiento de datos&hellip;<\/p>\n","protected":false},"author":3,"featured_media":0,"parent":0,"menu_order":0,"comment_status":"closed","ping_status":"closed","template":"","meta":{"footnotes":""},"class_list":["post-2709","page","type-page","status-publish","hentry"],"_links":{"self":[{"href":"https:\/\/analisisbioenergetico.org\/EU\/wp-json\/wp\/v2\/pages\/2709","targetHints":{"allow":["GET"]}}],"collection":[{"href":"https:\/\/analisisbioenergetico.org\/EU\/wp-json\/wp\/v2\/pages"}],"about":[{"href":"https:\/\/analisisbioenergetico.org\/EU\/wp-json\/wp\/v2\/types\/page"}],"author":[{"embeddable":true,"href":"https:\/\/analisisbioenergetico.org\/EU\/wp-json\/wp\/v2\/users\/3"}],"replies":[{"embeddable":true,"href":"https:\/\/analisisbioenergetico.org\/EU\/wp-json\/wp\/v2\/comments?post=2709"}],"version-history":[{"count":2,"href":"https:\/\/analisisbioenergetico.org\/EU\/wp-json\/wp\/v2\/pages\/2709\/revisions"}],"predecessor-version":[{"id":2717,"href":"https:\/\/analisisbioenergetico.org\/EU\/wp-json\/wp\/v2\/pages\/2709\/revisions\/2717"}],"wp:attachment":[{"href":"https:\/\/analisisbioenergetico.org\/EU\/wp-json\/wp\/v2\/media?parent=2709"}],"curies":[{"name":"wp","href":"https:\/\/api.w.org\/{rel}","templated":true}]}}